{"id":6910,"date":"2020-07-29T16:58:20","date_gmt":"2020-07-29T14:58:20","guid":{"rendered":"https:\/\/www.groenesector.nl\/?page_id=6910"},"modified":"2026-03-19T10:06:48","modified_gmt":"2026-03-19T09:06:48","slug":"programm-2","status":"publish","type":"page","link":"https:\/\/www.groenesector.nl\/de\/programm-2\/","title":{"rendered":"Hallenplan"},"content":{"rendered":"\t\t<div data-elementor-type=\"wp-post\" data-elementor-id=\"6910\" class=\"elementor elementor-6910 elementor-6909\" data-elementor-post-type=\"page\">\n\t\t\t\t\t\t<section class=\"elementor-section elementor-top-section elementor-element elementor-element-4168af5 elementor-section-boxed elementor-section-height-default elementor-section-height-default\" data-id=\"4168af5\" data-element_type=\"section\">\n\t\t\t\t\t\t<div class=\"elementor-container elementor-column-gap-default\">\n\t\t\t\t\t<div class=\"elementor-column elementor-col-100 elementor-top-column elementor-element elementor-element-fc8b8a8\" data-id=\"fc8b8a8\" data-element_type=\"column\">\n\t\t\t<div class=\"elementor-widget-wrap elementor-element-populated\">\n\t\t\t\t\t\t\t<\/div>\n\t\t<\/div>\n\t\t\t\t\t<\/div>\n\t\t<\/section>\n\t\t\t\t<section class=\"elementor-section elementor-top-section elementor-element elementor-element-1d98396 elementor-section-boxed elementor-section-height-default elementor-section-height-default\" data-id=\"1d98396\" data-element_type=\"section\">\n\t\t\t\t\t\t<div class=\"elementor-container elementor-column-gap-default\">\n\t\t\t\t\t<div class=\"elementor-column elementor-col-100 elementor-top-column elementor-element elementor-element-dc918f0\" data-id=\"dc918f0\" data-element_type=\"column\">\n\t\t\t<div class=\"elementor-widget-wrap elementor-element-populated\">\n\t\t\t\t\t\t<div class=\"elementor-element elementor-element-35d83a3 elementor-widget elementor-widget-text-editor\" data-id=\"35d83a3\" data-element_type=\"widget\" data-widget_type=\"text-editor.default\">\n\t\t\t\t<div class=\"elementor-widget-container\">\n\t\t\t\t\t\t\t\t\t<h1>Sehen Sie sich hier die Hallenplan von De Groene Sector Vakbeurs 2027 an<\/h1>\n\t\t\t\t\t\t\t\t<\/div>\n\t\t\t\t<\/div>\n\t\t\t\t<div class=\"elementor-element elementor-element-3c22cc9 elementor-widget elementor-widget-text-editor\" data-id=\"3c22cc9\" data-element_type=\"widget\" data-widget_type=\"text-editor.default\">\n\t\t\t\t<div class=\"elementor-widget-container\">\n\t\t\t\t\t\t\t\t\t<p>Sehen Sie sich hier die Hallenplan von De Groene Sector Vakbeurs 2027 an. Sind Sie neugierig auf die M\u00f6glichkeiten zur Teilnahme an der Messe oder m\u00f6chten Sie mehr erfahren?<br \/>Welche Standorte sind noch verf\u00fcgbar? Kontaktieren Sie uns unverbindlich oder buchen Sie einen Stand.<\/p>\n\t\t\t\t\t\t\t\t<\/div>\n\t\t\t\t<\/div>\n\t\t\t\t<div class=\"elementor-element elementor-element-a67c67b elementor-hidden-desktop elementor-hidden-tablet elementor-hidden-mobile elementor-widget elementor-widget-text-editor\" data-id=\"a67c67b\" data-element_type=\"widget\" data-widget_type=\"text-editor.default\">\n\t\t\t\t<div class=\"elementor-widget-container\">\n\t\t\t\t\t\t\t\t\t<p class=\"MsoNoSpacing\">Ben jij benieuwd welke exposanten op de beursvloer aanwezig zijn en waar alle activiteiten plaatsvinden? Bekijk hier de plattegrond van De Groene Sector Vakbeurs en ontdek wat er te zien en te beleven is op 7, 8 &amp; 9 januari 2025!<\/p>\n\t\t\t\t\t\t\t\t<\/div>\n\t\t\t\t<\/div>\n\t\t\t\t<section class=\"elementor-section elementor-inner-section elementor-element elementor-element-dd706de elementor-section-boxed elementor-section-height-default elementor-section-height-default\" data-id=\"dd706de\" data-element_type=\"section\">\n\t\t\t\t\t\t<div class=\"elementor-container elementor-column-gap-default\">\n\t\t\t\t\t<div class=\"elementor-column elementor-col-50 elementor-inner-column elementor-element elementor-element-c081288\" data-id=\"c081288\" data-element_type=\"column\">\n\t\t\t<div class=\"elementor-widget-wrap elementor-element-populated\">\n\t\t\t\t\t\t<div class=\"elementor-element elementor-element-d35c492 elementor-align-left elementor-widget elementor-widget-button\" data-id=\"d35c492\" data-element_type=\"widget\" data-widget_type=\"button.default\">\n\t\t\t\t<div class=\"elementor-widget-container\">\n\t\t\t\t\t\t\t\t\t<div class=\"elementor-button-wrapper\">\n\t\t\t\t\t<a class=\"elementor-button elementor-button-link elementor-size-sm\" href=\"mailto:naomi.vandruten@easyfairs.com\">\n\t\t\t\t\t\t<span class=\"elementor-button-content-wrapper\">\n\t\t\t\t\t\t\t\t\t<span class=\"elementor-button-text\">Bitte kontaktieren Sie uns<\/span>\n\t\t\t\t\t<\/span>\n\t\t\t\t\t<\/a>\n\t\t\t\t<\/div>\n\t\t\t\t\t\t\t\t<\/div>\n\t\t\t\t<\/div>\n\t\t\t\t\t<\/div>\n\t\t<\/div>\n\t\t\t\t<div class=\"elementor-column elementor-col-50 elementor-inner-column elementor-element elementor-element-b81f1df elementor-hidden-desktop elementor-hidden-tablet elementor-hidden-mobile\" data-id=\"b81f1df\" data-element_type=\"column\">\n\t\t\t<div class=\"elementor-widget-wrap elementor-element-populated\">\n\t\t\t\t\t\t<div class=\"elementor-element elementor-element-c13f9d4 elementor-align-center elementor-widget elementor-widget-button\" data-id=\"c13f9d4\" data-element_type=\"widget\" data-widget_type=\"button.default\">\n\t\t\t\t<div class=\"elementor-widget-container\">\n\t\t\t\t\t\t\t\t\t<div class=\"elementor-button-wrapper\">\n\t\t\t\t\t<a class=\"elementor-button elementor-button-link elementor-size-sm\" href=\"https:\/\/www.groenesector.nl\/boek-een-stand\/?\">\n\t\t\t\t\t\t<span class=\"elementor-button-content-wrapper\">\n\t\t\t\t\t\t\t\t\t<span class=\"elementor-button-text\">Buchen Sie Ihren Stand<\/span>\n\t\t\t\t\t<\/span>\n\t\t\t\t\t<\/a>\n\t\t\t\t<\/div>\n\t\t\t\t\t\t\t\t<\/div>\n\t\t\t\t<\/div>\n\t\t\t\t\t<\/div>\n\t\t<\/div>\n\t\t\t\t\t<\/div>\n\t\t<\/section>\n\t\t\t\t\t<\/div>\n\t\t<\/div>\n\t\t\t\t\t<\/div>\n\t\t<\/section>\n\t\t\t\t<section class=\"elementor-section elementor-top-section elementor-element elementor-element-cb71bc5 elementor-section-boxed elementor-section-height-default elementor-section-height-default\" data-id=\"cb71bc5\" data-element_type=\"section\">\n\t\t\t\t\t\t<div class=\"elementor-container elementor-column-gap-default\">\n\t\t\t\t\t<div class=\"elementor-column elementor-col-100 elementor-top-column elementor-element elementor-element-08d4921\" data-id=\"08d4921\" data-element_type=\"column\">\n\t\t\t<div class=\"elementor-widget-wrap elementor-element-populated\">\n\t\t\t\t\t\t<div class=\"elementor-element elementor-element-5476f52 elementor-widget elementor-widget-image\" data-id=\"5476f52\" data-element_type=\"widget\" data-widget_type=\"image.default\">\n\t\t\t\t<div class=\"elementor-widget-container\">\n\t\t\t\t\t\t\t\t\t\t\t\t\t\t\t\t<a href=\"https:\/\/easyfairsassets.com\/sites\/145\/2026\/02\/260206_Plattegrond-2027-oude-stijl-2.pdf\" target=\"_blank\">\n\t\t\t\t\t\t\t<img fetchpriority=\"high\" decoding=\"async\" width=\"1920\" height=\"1358\" src=\"https:\/\/easyfairsassets.com\/sites\/145\/2026\/02\/260206_Plattegrond-2027-oude-stijl.jpg\" class=\"attachment-full size-full wp-image-174788\" alt=\"\" srcset=\"https:\/\/easyfairsassets.com\/sites\/145\/2026\/02\/260206_Plattegrond-2027-oude-stijl.jpg 1920w, https:\/\/easyfairsassets.com\/sites\/145\/2026\/02\/260206_Plattegrond-2027-oude-stijl-300x212.jpg 300w, https:\/\/easyfairsassets.com\/sites\/145\/2026\/02\/260206_Plattegrond-2027-oude-stijl-1024x724.jpg 1024w, https:\/\/easyfairsassets.com\/sites\/145\/2026\/02\/260206_Plattegrond-2027-oude-stijl-768x543.jpg 768w, https:\/\/easyfairsassets.com\/sites\/145\/2026\/02\/260206_Plattegrond-2027-oude-stijl-1536x1086.jpg 1536w\" sizes=\"(max-width: 1920px) 100vw, 1920px\" \/>\t\t\t\t\t\t\t\t<\/a>\n\t\t\t\t\t\t\t\t\t\t\t\t\t\t\t<\/div>\n\t\t\t\t<\/div>\n\t\t\t\t<section class=\"elementor-section elementor-inner-section elementor-element elementor-element-5dd9d53 elementor-hidden-desktop elementor-hidden-tablet elementor-hidden-mobile elementor-section-boxed elementor-section-height-default elementor-section-height-default\" data-id=\"5dd9d53\" data-element_type=\"section\">\n\t\t\t\t\t\t<div class=\"elementor-container elementor-column-gap-default\">\n\t\t\t\t\t<div class=\"elementor-column elementor-col-50 elementor-inner-column elementor-element elementor-element-d582180\" data-id=\"d582180\" data-element_type=\"column\">\n\t\t\t<div class=\"elementor-widget-wrap elementor-element-populated\">\n\t\t\t\t\t\t<div class=\"elementor-element elementor-element-50fbf54 elementor-widget elementor-widget-text-editor\" data-id=\"50fbf54\" data-element_type=\"widget\" data-widget_type=\"text-editor.default\">\n\t\t\t\t<div class=\"elementor-widget-container\">\n\t\t\t\t\t\t\t\t\t<div class=\"elementor-element elementor-element-376092f elementor-widget elementor-widget-heading\" data-id=\"376092f\" data-element_type=\"widget\" data-widget_type=\"heading.default\">\n<div class=\"elementor-widget-container\">\n<h2 class=\"elementor-heading-title elementor-size-default\">Dit kun je verwachten in 2025:<\/h2>\n<\/div>\n<p><\/div>\n<p><\/p>\n<div class=\"elementor-element elementor-element-3bcd917 elementor-widget elementor-widget-text-editor\" data-id=\"3bcd917\" data-element_type=\"widget\" data-widget_type=\"text-editor.default\">\n<div class=\"elementor-widget-container\">\n<ul>\n<li>Ontdek de nieuwste innovaties en technologie\u00ebn in de Tunnel van de Toekomst en stem mee op jouw favoriet die wat jou betreft kans maakt op een Innovatie Award. De geel gearceerde exposanten op de plattegrond zijn genomineerd voor de Innovatie Award.<\/li>\n<li>Bezoek de Tuin van de Toekomst waar de winnaar van de Verkiezing Duurzaamste Hovenier 2024 bekend wordt gemaakt en waar het ronde tafelgesprek: Toekomst van het Vak, georganiseerd door HortiPoint plaatsvindt.<\/li>\n<li>Netwerk met branche-experts en potenti\u00eble partners.<\/li>\n<li>Leer van deskundigen tijdens ons uitgebreide kennisprogramma voorafgaand aan de beurs, met centrale thema\u2019s als Scholing &amp; Arbeid, Duurzaamheid en Tuin- en Park Inrichting.<\/li>\n<li>Verken nieuwe initiatieven in het Starters Paviljoen (hal 2).<\/li>\n<li>Netwerk op een laagdrempelige en gastvrije manier met andere groenprofessionals.<\/li>\n<li>Bezoek de Nationale Wedstrijd Hovenier 2024\/2025 (hal 5).<\/li>\n<li>Van uitdagende challenges tot leuke beursacties: exposanten halen alles uit de kast tijdens deze speciale jubileumeditie!<\/li>\n<\/ul>\n<\/div>\n<p><\/div>\n\t\t\t\t\t\t\t\t<\/div>\n\t\t\t\t<\/div>\n\t\t\t\t\t<\/div>\n\t\t<\/div>\n\t\t\t\t<div class=\"elementor-column elementor-col-50 elementor-inner-column elementor-element elementor-element-e8d9ce1\" data-id=\"e8d9ce1\" data-element_type=\"column\">\n\t\t\t<div class=\"elementor-widget-wrap elementor-element-populated\">\n\t\t\t\t\t\t<div class=\"elementor-element elementor-element-8095d20 elementor-widget elementor-widget-text-editor\" data-id=\"8095d20\" data-element_type=\"widget\" data-widget_type=\"text-editor.default\">\n\t\t\t\t<div class=\"elementor-widget-container\">\n\t\t\t\t\t\t\t\t\t<div class=\"elementor-element elementor-element-1d8873c elementor-widget elementor-widget-heading\" data-id=\"1d8873c\" data-element_type=\"widget\" data-widget_type=\"heading.default\">\n<div class=\"elementor-widget-container\">\n<h2 class=\"elementor-heading-title elementor-size-default\">Kom jij ook?!<\/h2>\n<\/div>\n<p><\/div>\n<p><\/p>\n<div class=\"elementor-element elementor-element-fb87786 elementor-widget elementor-widget-text-editor\" data-id=\"fb87786\" data-element_type=\"widget\" data-widget_type=\"text-editor.default\">\n<div class=\"elementor-widget-container\">\n<p>Zet je bezoek alvast in je agenda en bereid je voor op een onvergetelijke ervaring. Neem de tijd om de plattegrond te bekijken, zodat je je kunt ori\u00ebnteren op de beurs en niets mist. Bereid je voor op een inspirerende en informatieve reis door de boeiende wereld van groen, waar je kunt ontdekken, leren en netwerken met gelijkgestemde professionals.<\/p>\n<p>Wij kijken ernaar uit je te verwelkomen op de jubileumeditie van De Groene Sector Vakbeurs! Mis deze unieke kans niet om de nieuwste trends en innovaties te verkennen en waardevolle connecties te leggen. Bestel je gratis ticket en meld je direct aan voor de kennissessies voorafgaand aan de beurs!<\/p>\n<\/div>\n<p><\/div>\n\t\t\t\t\t\t\t\t<\/div>\n\t\t\t\t<\/div>\n\t\t\t\t\t<\/div>\n\t\t<\/div>\n\t\t\t\t\t<\/div>\n\t\t<\/section>\n\t\t\t\t\t<\/div>\n\t\t<\/div>\n\t\t\t\t\t<\/div>\n\t\t<\/section>\n\t\t\t\t<\/div>\n\t\t","protected":false},"excerpt":{"rendered":"<p>Sehen Sie sich hier die Hallenplan von De Groene Sector Vakbeurs 2027 an Sehen Sie sich hier die Hallenplan von De Groene Sector Vakbeurs 2027 an. Sind Sie neugierig auf die M\u00f6glichkeiten zur Teilnahme an der Messe oder m\u00f6chten Sie mehr erfahren?Welche Standorte sind noch verf\u00fcgbar? Kontaktieren Sie uns unverbindlich oder buchen Sie einen Stand. [&hellip;]<\/p>\n","protected":false},"author":47,"featured_media":1521,"parent":0,"menu_order":0,"comment_status":"closed","ping_status":"closed","template":"","meta":{"_seopress_robots_primary_cat":"","_seopress_titles_title":"Hallenplan - De Groene Sector Vakbeurs","_seopress_titles_desc":"Sehen Sie sich die Hallenplan von De Groene Sector Vakbeurs 2025 an. Gibt es einen sch\u00f6nen Ort f\u00fcr Ihr Unternehmen?","_seopress_robots_index":"","_improvement_type_select":"improve_an_existing","_thumb_yes_seoaic":false,"_frame_yes_seoaic":false,"seoaic_generate_description":"","seoaic_improve_instructions_prompt":"","seoaic_rollback_content_improvement":"","seoaic_idea_thumbnail_generator":"","thumbnail_generated":false,"thumbnail_generate_prompt":"","seoaic_article_description":"","footnotes":""},"class_list":["post-6910","page","type-page","status-publish","has-post-thumbnail","hentry"],"_links":{"self":[{"href":"https:\/\/www.groenesector.nl\/wp-json\/wp\/v2\/pages\/6910","targetHints":{"allow":["GET"]}}],"collection":[{"href":"https:\/\/www.groenesector.nl\/wp-json\/wp\/v2\/pages"}],"about":[{"href":"https:\/\/www.groenesector.nl\/wp-json\/wp\/v2\/types\/page"}],"author":[{"embeddable":true,"href":"https:\/\/www.groenesector.nl\/wp-json\/wp\/v2\/users\/47"}],"replies":[{"embeddable":true,"href":"https:\/\/www.groenesector.nl\/wp-json\/wp\/v2\/comments?post=6910"}],"version-history":[{"count":5,"href":"https:\/\/www.groenesector.nl\/wp-json\/wp\/v2\/pages\/6910\/revisions"}],"predecessor-version":[{"id":175182,"href":"https:\/\/www.groenesector.nl\/wp-json\/wp\/v2\/pages\/6910\/revisions\/175182"}],"wp:featuredmedia":[{"embeddable":true,"href":"https:\/\/www.groenesector.nl\/wp-json\/wp\/v2\/media\/1521"}],"wp:attachment":[{"href":"https:\/\/www.groenesector.nl\/wp-json\/wp\/v2\/media?parent=6910"}],"curies":[{"name":"wp","href":"https:\/\/api.w.org\/{rel}","templated":true}]}}