{"id":3086,"date":"2019-05-09T07:55:26","date_gmt":"2019-05-09T06:55:26","guid":{"rendered":"https:\/\/www.groenesector.nl\/wir-machen-ihre-teilnahme-easy\/"},"modified":"2024-03-28T14:01:13","modified_gmt":"2024-03-28T13:01:13","slug":"wir-machen-ihre-teilnahme-easy","status":"publish","type":"page","link":"https:\/\/www.groenesector.nl\/de\/ich-bin-aussteller\/wir-machen-ihre-teilnahme-easy\/","title":{"rendered":"Wir machen Ihre Teilnahme \u201eEasy\u201c"},"content":{"rendered":"\t\t<div data-elementor-type=\"wp-post\" data-elementor-id=\"3086\" class=\"elementor elementor-3086 elementor-1635\" data-elementor-post-type=\"page\">\n\t\t\t\t\t\t<section class=\"elementor-section elementor-top-section elementor-element elementor-element-cd36200 elementor-section-boxed elementor-section-height-default elementor-section-height-default\" data-id=\"cd36200\" data-element_type=\"section\">\n\t\t\t\t\t\t<div class=\"elementor-container elementor-column-gap-default\">\n\t\t\t\t\t<div class=\"elementor-column elementor-col-50 elementor-top-column elementor-element elementor-element-59b3d22\" data-id=\"59b3d22\" data-element_type=\"column\">\n\t\t\t<div class=\"elementor-widget-wrap elementor-element-populated\">\n\t\t\t\t\t\t<div class=\"elementor-element elementor-element-c6aa8ea animated-fast elementor-invisible elementor-widget elementor-widget-heading\" data-id=\"c6aa8ea\" data-element_type=\"widget\" data-settings=\"{&quot;_animation&quot;:&quot;fadeInRight&quot;}\" data-widget_type=\"heading.default\">\n\t\t\t\t<div class=\"elementor-widget-container\">\n\t\t\t\t\t<h1 class=\"elementor-heading-title elementor-size-default\">Wir machen Ihre Teilnahme \u201eEasy\u201c<\/h1>\t\t\t\t<\/div>\n\t\t\t\t<\/div>\n\t\t\t\t<div class=\"elementor-element elementor-element-15daa69 elementor-widget elementor-widget-text-editor\" data-id=\"15daa69\" data-element_type=\"widget\" data-widget_type=\"text-editor.default\">\n\t\t\t\t<div class=\"elementor-widget-container\">\n\t\t\t\t\t\t\t\t\t<p>Wir machen es \u201eeasy\u201c, einen Stand zu buchen, aber auch, Produkte und Dienstleistungen w\u00e4hrend der Messe oder Veranstaltung attraktiv zu pr\u00e4sentieren, mit Interessenten und Kunden in Kontakt zu treten und Gesch\u00e4fte zu machen. Wenn Sie Aussteller bei De Groene Sector Vakbeurs sind, m\u00fcssen Sie sich nur um Ihre eigenen Messeziele k\u00fcmmern. Der Rest? Darum k\u00fcmmern wir uns!<\/p>\n\t\t\t\t\t\t\t\t<\/div>\n\t\t\t\t<\/div>\n\t\t\t\t\t<\/div>\n\t\t<\/div>\n\t\t\t\t<div class=\"elementor-column elementor-col-50 elementor-top-column elementor-element elementor-element-9ae6400\" data-id=\"9ae6400\" data-element_type=\"column\">\n\t\t\t<div class=\"elementor-widget-wrap elementor-element-populated\">\n\t\t\t\t\t\t<div class=\"elementor-element elementor-element-5467370 elementor-widget elementor-widget-image\" data-id=\"5467370\" data-element_type=\"widget\" data-widget_type=\"image.default\">\n\t\t\t\t<div class=\"elementor-widget-container\">\n\t\t\t\t\t\t\t\t\t\t\t\t\t\t\t<img fetchpriority=\"high\" decoding=\"async\" width=\"800\" height=\"623\" src=\"https:\/\/easyfairsassets.com\/sites\/145\/2019\/03\/Deelname-Easy-1-1024x797.jpg\" class=\"attachment-large size-large wp-image-2425\" alt=\"\" srcset=\"https:\/\/easyfairsassets.com\/sites\/145\/2019\/03\/Deelname-Easy-1-1024x797.jpg 1024w, https:\/\/easyfairsassets.com\/sites\/145\/2019\/03\/Deelname-Easy-1-300x234.jpg 300w, https:\/\/easyfairsassets.com\/sites\/145\/2019\/03\/Deelname-Easy-1-768x598.jpg 768w, https:\/\/easyfairsassets.com\/sites\/145\/2019\/03\/Deelname-Easy-1.jpg 2000w\" sizes=\"(max-width: 800px) 100vw, 800px\" \/>\t\t\t\t\t\t\t\t\t\t\t\t\t\t\t<\/div>\n\t\t\t\t<\/div>\n\t\t\t\t\t<\/div>\n\t\t<\/div>\n\t\t\t\t\t<\/div>\n\t\t<\/section>\n\t\t\t\t<section class=\"elementor-section elementor-top-section elementor-element elementor-element-0eb8cd5 elementor-section-boxed elementor-section-height-default elementor-section-height-default\" data-id=\"0eb8cd5\" data-element_type=\"section\" data-settings=\"{&quot;background_background&quot;:&quot;classic&quot;}\">\n\t\t\t\t\t\t<div class=\"elementor-container elementor-column-gap-default\">\n\t\t\t\t\t<div class=\"elementor-column elementor-col-100 elementor-top-column elementor-element elementor-element-6598a57\" data-id=\"6598a57\" data-element_type=\"column\">\n\t\t\t<div class=\"elementor-widget-wrap elementor-element-populated\">\n\t\t\t\t\t\t<div class=\"elementor-element elementor-element-d60813a elementor-widget elementor-widget-video\" data-id=\"d60813a\" data-element_type=\"widget\" data-settings=\"{&quot;youtube_url&quot;:&quot;https:\\\/\\\/www.youtube.com\\\/watch?v=LuSRPFcGpEU&quot;,&quot;video_type&quot;:&quot;youtube&quot;,&quot;controls&quot;:&quot;yes&quot;}\" data-widget_type=\"video.default\">\n\t\t\t\t<div class=\"elementor-widget-container\">\n\t\t\t\t\t\t\t<div class=\"elementor-wrapper elementor-open-inline\">\n\t\t\t<div class=\"elementor-video\"><\/div>\t\t<\/div>\n\t\t\t\t\t\t<\/div>\n\t\t\t\t<\/div>\n\t\t\t\t<section class=\"elementor-section elementor-inner-section elementor-element elementor-element-6837460 elementor-section-content-middle elementor-section-boxed elementor-section-height-default elementor-section-height-default\" data-id=\"6837460\" data-element_type=\"section\">\n\t\t\t\t\t\t<div class=\"elementor-container elementor-column-gap-wide\">\n\t\t\t\t\t<div class=\"elementor-column elementor-col-50 elementor-inner-column elementor-element elementor-element-281c6e4\" data-id=\"281c6e4\" data-element_type=\"column\">\n\t\t\t<div class=\"elementor-widget-wrap elementor-element-populated\">\n\t\t\t\t\t\t<div class=\"elementor-element elementor-element-1c0c15a elementor-invisible elementor-widget elementor-widget-image\" data-id=\"1c0c15a\" data-element_type=\"widget\" data-settings=\"{&quot;_animation&quot;:&quot;pulse&quot;}\" data-widget_type=\"image.default\">\n\t\t\t\t<div class=\"elementor-widget-container\">\n\t\t\t\t\t\t\t\t\t\t\t\t\t\t\t<img decoding=\"async\" width=\"682\" height=\"1024\" src=\"https:\/\/easyfairsassets.com\/sites\/145\/2019\/03\/Event-Service-682x1024.jpg\" class=\"attachment-large size-large wp-image-2663\" alt=\"\" srcset=\"https:\/\/easyfairsassets.com\/sites\/145\/2019\/03\/Event-Service-682x1024.jpg 682w, https:\/\/easyfairsassets.com\/sites\/145\/2019\/03\/Event-Service-200x300.jpg 200w, https:\/\/easyfairsassets.com\/sites\/145\/2019\/03\/Event-Service-768x1152.jpg 768w, https:\/\/easyfairsassets.com\/sites\/145\/2019\/03\/Event-Service.jpg 1333w\" sizes=\"(max-width: 682px) 100vw, 682px\" \/>\t\t\t\t\t\t\t\t\t\t\t\t\t\t\t<\/div>\n\t\t\t\t<\/div>\n\t\t\t\t\t<\/div>\n\t\t<\/div>\n\t\t\t\t<div class=\"elementor-column elementor-col-50 elementor-inner-column elementor-element elementor-element-3976953\" data-id=\"3976953\" data-element_type=\"column\">\n\t\t\t<div class=\"elementor-widget-wrap elementor-element-populated\">\n\t\t\t\t\t\t<div class=\"elementor-element elementor-element-dfcadcd elementor-widget elementor-widget-heading\" data-id=\"dfcadcd\" data-element_type=\"widget\" data-widget_type=\"heading.default\">\n\t\t\t\t<div class=\"elementor-widget-container\">\n\t\t\t\t\t<h2 class=\"elementor-heading-title elementor-size-default\">Was k\u00f6nnen Sie von dem Service erwarten, den Ihnen Easyfairs als Aussteller bietet?<\/h2>\t\t\t\t<\/div>\n\t\t\t\t<\/div>\n\t\t\t\t<div class=\"elementor-element elementor-element-e7acaed elementor-align-left elementor-icon-list--layout-traditional elementor-list-item-link-full_width elementor-widget elementor-widget-icon-list\" data-id=\"e7acaed\" data-element_type=\"widget\" data-widget_type=\"icon-list.default\">\n\t\t\t\t<div class=\"elementor-widget-container\">\n\t\t\t\t\t\t\t<ul class=\"elementor-icon-list-items\">\n\t\t\t\t\t\t\t<li class=\"elementor-icon-list-item\">\n\t\t\t\t\t\t\t\t\t\t\t<span class=\"elementor-icon-list-icon\">\n\t\t\t\t\t\t\t<i aria-hidden=\"true\" class=\"fas fa-check\"><\/i>\t\t\t\t\t\t<\/span>\n\t\t\t\t\t\t\t\t\t\t<span class=\"elementor-icon-list-text\">Easyfairs ist der Veranstaltungsort f\u00fcr Besucher von De Groene Sector Vakbeurs. Als Aussteller m\u00f6chten Sie Gesch\u00e4fte machen, Leute kennenlernen und Beziehungen pflegen, und darauf m\u00fcssen Sie sich konzentrieren k\u00f6nnen. Daher entlastet Sie die Organisation von De Groene Sector Vakbeurs so weit wie m\u00f6glich, damit Sie sich auf Ihre Ziele konzentrieren k\u00f6nnen. Daf\u00fcr investieren Sie in die Teilnahme an De Groene Sector Vakbeurs.<\/span>\n\t\t\t\t\t\t\t\t\t<\/li>\n\t\t\t\t\t\t\t\t<li class=\"elementor-icon-list-item\">\n\t\t\t\t\t\t\t\t\t\t\t<span class=\"elementor-icon-list-icon\">\n\t\t\t\t\t\t\t<i aria-hidden=\"true\" class=\"fas fa-check\"><\/i>\t\t\t\t\t\t<\/span>\n\t\t\t\t\t\t\t\t\t\t<span class=\"elementor-icon-list-text\">Easyfairs versteht die Bedeutung von Erleichterung und Entlastung. Nicht nur dank der Bereitstellung eines professionellen Veranstaltungsorts, sondern auch angesichts der Unterst\u00fctzung f\u00fcr Sie als guter Gastgeber. Das ist unsere St\u00e4rke, das ist unsere Motivation.<\/span>\n\t\t\t\t\t\t\t\t\t<\/li>\n\t\t\t\t\t\t\t\t<li class=\"elementor-icon-list-item\">\n\t\t\t\t\t\t\t\t\t\t\t<span class=\"elementor-icon-list-icon\">\n\t\t\t\t\t\t\t<i aria-hidden=\"true\" class=\"fas fa-check\"><\/i>\t\t\t\t\t\t<\/span>\n\t\t\t\t\t\t\t\t\t\t<span class=\"elementor-icon-list-text\">Sie lernen das Event Services-Team im Vorfeld Ihrer Teilnahme kennen. Sie teilen gerne ihr Wissen, um den Wert Ihrer Teilnahme zu steigern. Verschiedene Dienstleistungen und Produkte sorgen daf\u00fcr, dass Ihr Stand Ihren W\u00fcnschen noch besser entspricht. Die Mitarbeiter des Event Services-Teams helfen Ihnen vor und w\u00e4hrend der Messe. Unter anderem durch das Ausstellerhandbuch, aber auch bei kurzfristigen Bestellungen oder Fragen.<\/span>\n\t\t\t\t\t\t\t\t\t<\/li>\n\t\t\t\t\t\t<\/ul>\n\t\t\t\t\t\t<\/div>\n\t\t\t\t<\/div>\n\t\t\t\t\t<\/div>\n\t\t<\/div>\n\t\t\t\t\t<\/div>\n\t\t<\/section>\n\t\t\t\t\t<\/div>\n\t\t<\/div>\n\t\t\t\t\t<\/div>\n\t\t<\/section>\n\t\t\t\t<section class=\"elementor-section elementor-top-section elementor-element elementor-element-06b770f elementor-section-boxed elementor-section-height-default elementor-section-height-default\" data-id=\"06b770f\" data-element_type=\"section\">\n\t\t\t\t\t\t<div class=\"elementor-container elementor-column-gap-default\">\n\t\t\t\t\t<div class=\"elementor-column elementor-col-100 elementor-top-column elementor-element elementor-element-c84969a\" data-id=\"c84969a\" data-element_type=\"column\">\n\t\t\t<div class=\"elementor-widget-wrap elementor-element-populated\">\n\t\t\t\t\t\t<div class=\"elementor-element elementor-element-e9bdce4 elementor-invisible elementor-widget elementor-widget-heading\" data-id=\"e9bdce4\" data-element_type=\"widget\" data-settings=\"{&quot;_animation&quot;:&quot;fadeInRight&quot;}\" data-widget_type=\"heading.default\">\n\t\t\t\t<div class=\"elementor-widget-container\">\n\t\t\t\t\t<h2 class=\"elementor-heading-title elementor-size-default\">Alle Servicekomponenten auf einen Blick<\/h2>\t\t\t\t<\/div>\n\t\t\t\t<\/div>\n\t\t\t\t<section class=\"elementor-section elementor-inner-section elementor-element elementor-element-2ac66fc elementor-section-boxed elementor-section-height-default elementor-section-height-default\" data-id=\"2ac66fc\" data-element_type=\"section\">\n\t\t\t\t\t\t<div class=\"elementor-container elementor-column-gap-default\">\n\t\t\t\t\t<div class=\"elementor-column elementor-col-50 elementor-inner-column elementor-element elementor-element-bb88246\" data-id=\"bb88246\" data-element_type=\"column\">\n\t\t\t<div class=\"elementor-widget-wrap elementor-element-populated\">\n\t\t\t\t\t\t<div class=\"elementor-element elementor-element-688920e elementor-icon-list--layout-traditional elementor-list-item-link-full_width elementor-widget elementor-widget-icon-list\" data-id=\"688920e\" data-element_type=\"widget\" data-widget_type=\"icon-list.default\">\n\t\t\t\t<div class=\"elementor-widget-container\">\n\t\t\t\t\t\t\t<ul class=\"elementor-icon-list-items\">\n\t\t\t\t\t\t\t<li class=\"elementor-icon-list-item\">\n\t\t\t\t\t\t\t\t\t\t\t<span class=\"elementor-icon-list-icon\">\n\t\t\t\t\t\t\t<i aria-hidden=\"true\" class=\"far fa-dot-circle\"><\/i>\t\t\t\t\t\t<\/span>\n\t\t\t\t\t\t\t\t\t\t<span class=\"elementor-icon-list-text\">Die Ausstellungsorganisation und das Event Services Team stehen Ihnen jederzeit zur Verf\u00fcgung und helfen Ihnen gerne bei der Montage, der Veranstaltung und dem Abbau.<\/span>\n\t\t\t\t\t\t\t\t\t<\/li>\n\t\t\t\t\t\t\t\t<li class=\"elementor-icon-list-item\">\n\t\t\t\t\t\t\t\t\t\t\t<span class=\"elementor-icon-list-icon\">\n\t\t\t\t\t\t\t<i aria-hidden=\"true\" class=\"far fa-dot-circle\"><\/i>\t\t\t\t\t\t<\/span>\n\t\t\t\t\t\t\t\t\t\t<span class=\"elementor-icon-list-text\">Nutzen Sie den Standbau von Easyfairs? Als Aussteller erhalten Sie dann eine komplett montierte, vollendete und gereinigte Standeinheit: Bodenfl\u00e4che, W\u00e4nde, Fries mit Namensnennung, Beleuchtung durch Duospots und Bodenbel\u00e4ge.<\/span>\n\t\t\t\t\t\t\t\t\t<\/li>\n\t\t\t\t\t\t\t\t<li class=\"elementor-icon-list-item\">\n\t\t\t\t\t\t\t\t\t\t\t<span class=\"elementor-icon-list-icon\">\n\t\t\t\t\t\t\t<i aria-hidden=\"true\" class=\"far fa-dot-circle\"><\/i>\t\t\t\t\t\t<\/span>\n\t\t\t\t\t\t\t\t\t\t<span class=\"elementor-icon-list-text\">W\u00e4hrend Ihrer Teilnahme k\u00f6nnen Sie und Ihre Angeh\u00f6rigen das Catering auf den verschiedenen Terrassen der Ausstellungsfl\u00e4che kostenfrei nutzen.<\/span>\n\t\t\t\t\t\t\t\t\t<\/li>\n\t\t\t\t\t\t\t\t<li class=\"elementor-icon-list-item\">\n\t\t\t\t\t\t\t\t\t\t\t<span class=\"elementor-icon-list-icon\">\n\t\t\t\t\t\t\t<i aria-hidden=\"true\" class=\"far fa-dot-circle\"><\/i>\t\t\t\t\t\t<\/span>\n\t\t\t\t\t\t\t\t\t\t<span class=\"elementor-icon-list-text\">Ausreichend kostenlose Parkpl\u00e4tze f\u00fcr Sie und Ihre Angeh\u00f6rigen auf unserem Parkplatz.<\/span>\n\t\t\t\t\t\t\t\t\t<\/li>\n\t\t\t\t\t\t<\/ul>\n\t\t\t\t\t\t<\/div>\n\t\t\t\t<\/div>\n\t\t\t\t\t<\/div>\n\t\t<\/div>\n\t\t\t\t<div class=\"elementor-column elementor-col-50 elementor-inner-column elementor-element elementor-element-730e90d\" data-id=\"730e90d\" data-element_type=\"column\">\n\t\t\t<div class=\"elementor-widget-wrap elementor-element-populated\">\n\t\t\t\t\t\t<div class=\"elementor-element elementor-element-33474f2 elementor-icon-list--layout-traditional elementor-list-item-link-full_width elementor-widget elementor-widget-icon-list\" data-id=\"33474f2\" data-element_type=\"widget\" data-widget_type=\"icon-list.default\">\n\t\t\t\t<div class=\"elementor-widget-container\">\n\t\t\t\t\t\t\t<ul class=\"elementor-icon-list-items\">\n\t\t\t\t\t\t\t<li class=\"elementor-icon-list-item\">\n\t\t\t\t\t\t\t\t\t\t\t<span class=\"elementor-icon-list-icon\">\n\t\t\t\t\t\t\t<i aria-hidden=\"true\" class=\"far fa-dot-circle\"><\/i>\t\t\t\t\t\t<\/span>\n\t\t\t\t\t\t\t\t\t\t<span class=\"elementor-icon-list-text\">Vor Ihrer Teilnahme bietet Ihnen die Organisation De Groene Sector Vakbeurs verschiedene M\u00f6glichkeiten, f\u00fcr Ihre Messeteilnahme zu werben, damit Sie w\u00e4hrend der Veranstaltung die richtige Zielgruppe erreichen.<\/span>\n\t\t\t\t\t\t\t\t\t<\/li>\n\t\t\t\t\t\t\t\t<li class=\"elementor-icon-list-item\">\n\t\t\t\t\t\t\t\t\t\t\t<span class=\"elementor-icon-list-icon\">\n\t\t\t\t\t\t\t<i aria-hidden=\"true\" class=\"far fa-dot-circle\"><\/i>\t\t\t\t\t\t<\/span>\n\t\t\t\t\t\t\t\t\t\t<span class=\"elementor-icon-list-text\">Kostenloser Einladungsservice: 65% der Besucher kommen mittels des Einladungsservices von Easyfairs zur Messe. Sie sparen alle Zeit- und (Layout- und Druck-) Kosten, die Sie normalerweise f\u00fcr eine solche Einladungskarte aufwenden w\u00fcrden! Wir geben Ihren Firmennamen in der Briefeinladung an. Somit ist es f\u00fcr Ihre\/n Kunden\/in deutlich, dass Sie ihn\/sie pers\u00f6nlich einladen. Gesch\u00e4ftsbeziehungen, die auch in unserer E-Mail-Datenbank enthalten sind, erhalten keine Postsendung, sondern eine E-Mail mit eindeutigem Registrierungscode. Auch in dieser E-Mail steht Ihr Firmenname im Vordergrund.<\/span>\n\t\t\t\t\t\t\t\t\t<\/li>\n\t\t\t\t\t\t<\/ul>\n\t\t\t\t\t\t<\/div>\n\t\t\t\t<\/div>\n\t\t\t\t\t<\/div>\n\t\t<\/div>\n\t\t\t\t\t<\/div>\n\t\t<\/section>\n\t\t\t\t\t<\/div>\n\t\t<\/div>\n\t\t\t\t\t<\/div>\n\t\t<\/section>\n\t\t\t\t<section class=\"elementor-section elementor-top-section elementor-element elementor-element-59223ff elementor-section-full_width elementor-section-height-min-height elementor-section-height-default elementor-section-items-middle\" data-id=\"59223ff\" data-element_type=\"section\">\n\t\t\t\t\t\t<div class=\"elementor-container elementor-column-gap-default\">\n\t\t\t\t\t<div class=\"elementor-column elementor-col-100 elementor-top-column elementor-element elementor-element-96adef6\" data-id=\"96adef6\" data-element_type=\"column\">\n\t\t\t<div class=\"elementor-widget-wrap elementor-element-populated\">\n\t\t\t\t\t\t<div class=\"elementor-element elementor-element-f0ebda7 elementor-widget elementor-widget-image\" data-id=\"f0ebda7\" data-element_type=\"widget\" data-widget_type=\"image.default\">\n\t\t\t\t<div class=\"elementor-widget-container\">\n\t\t\t\t\t\t\t\t\t\t\t\t\t\t\t<img decoding=\"async\" width=\"1941\" height=\"400\" src=\"https:\/\/easyfairsassets.com\/sites\/145\/2019\/03\/Deelname-easy-breed.png\" class=\"attachment-full size-full wp-image-2675\" alt=\"\" srcset=\"https:\/\/easyfairsassets.com\/sites\/145\/2019\/03\/Deelname-easy-breed.png 1941w, https:\/\/easyfairsassets.com\/sites\/145\/2019\/03\/Deelname-easy-breed-300x62.png 300w, https:\/\/easyfairsassets.com\/sites\/145\/2019\/03\/Deelname-easy-breed-768x158.png 768w, https:\/\/easyfairsassets.com\/sites\/145\/2019\/03\/Deelname-easy-breed-1024x211.png 1024w\" sizes=\"(max-width: 1941px) 100vw, 1941px\" \/>\t\t\t\t\t\t\t\t\t\t\t\t\t\t\t<\/div>\n\t\t\t\t<\/div>\n\t\t\t\t\t<\/div>\n\t\t<\/div>\n\t\t\t\t\t<\/div>\n\t\t<\/section>\n\t\t\t\t<\/div>\n\t\t","protected":false},"excerpt":{"rendered":"<p>Wir machen Ihre Teilnahme \u201eEasy\u201c Wir machen es \u201eeasy\u201c, einen Stand zu buchen, aber auch, Produkte und Dienstleistungen w\u00e4hrend der Messe oder Veranstaltung attraktiv zu pr\u00e4sentieren, mit Interessenten und Kunden in Kontakt zu treten und Gesch\u00e4fte zu machen. Wenn Sie Aussteller bei De Groene Sector Vakbeurs sind, m\u00fcssen Sie sich nur um Ihre eigenen Messeziele [&hellip;]<\/p>\n","protected":false},"author":82,"featured_media":2579,"parent":3090,"menu_order":0,"comment_status":"closed","ping_status":"closed","template":"","meta":{"_seopress_robots_primary_cat":"","_seopress_titles_title":"Wir machen Ihre Teilnahme \"einfach\" - De Groene Sector Vakbeurs","_seopress_titles_desc":"Wir unterst\u00fctzen Sie in allen Phasen Ihrer Messebeteiligung. Von der Vorbereitung bis zur Messe: Sie k\u00f6nnen sich auf das Erreichen Ihrer Ziele konzentrieren!","_seopress_robots_index":"","_improvement_type_select":"improve_an_existing","_thumb_yes_seoaic":false,"_frame_yes_seoaic":false,"seoaic_generate_description":"","seoaic_improve_instructions_prompt":"","seoaic_rollback_content_improvement":"","seoaic_idea_thumbnail_generator":"","thumbnail_generated":false,"thumbnail_generate_prompt":"","seoaic_article_description":"","footnotes":""},"class_list":["post-3086","page","type-page","status-publish","has-post-thumbnail","hentry"],"_links":{"self":[{"href":"https:\/\/www.groenesector.nl\/wp-json\/wp\/v2\/pages\/3086","targetHints":{"allow":["GET"]}}],"collection":[{"href":"https:\/\/www.groenesector.nl\/wp-json\/wp\/v2\/pages"}],"about":[{"href":"https:\/\/www.groenesector.nl\/wp-json\/wp\/v2\/types\/page"}],"author":[{"embeddable":true,"href":"https:\/\/www.groenesector.nl\/wp-json\/wp\/v2\/users\/82"}],"replies":[{"embeddable":true,"href":"https:\/\/www.groenesector.nl\/wp-json\/wp\/v2\/comments?post=3086"}],"version-history":[{"count":5,"href":"https:\/\/www.groenesector.nl\/wp-json\/wp\/v2\/pages\/3086\/revisions"}],"predecessor-version":[{"id":127410,"href":"https:\/\/www.groenesector.nl\/wp-json\/wp\/v2\/pages\/3086\/revisions\/127410"}],"up":[{"embeddable":true,"href":"https:\/\/www.groenesector.nl\/wp-json\/wp\/v2\/pages\/3090"}],"wp:featuredmedia":[{"embeddable":true,"href":"https:\/\/www.groenesector.nl\/wp-json\/wp\/v2\/media\/2579"}],"wp:attachment":[{"href":"https:\/\/www.groenesector.nl\/wp-json\/wp\/v2\/media?parent=3086"}],"curies":[{"name":"wp","href":"https:\/\/api.w.org\/{rel}","templated":true}]}}