{"id":3068,"date":"2019-05-08T15:51:20","date_gmt":"2019-05-08T14:51:20","guid":{"rendered":"https:\/\/www.groenesector.nl\/wie-kann-man-die-messe-promoten\/"},"modified":"2026-02-23T10:00:39","modified_gmt":"2026-02-23T09:00:39","slug":"wie-kann-man-die-messe-promoten","status":"publish","type":"page","link":"https:\/\/www.groenesector.nl\/de\/ich-bin-aussteller\/wie-kann-man-die-messe-promoten\/","title":{"rendered":"Wie kann man die Messe promoten?"},"content":{"rendered":"\t\t<div data-elementor-type=\"wp-post\" data-elementor-id=\"3068\" class=\"elementor elementor-3068 elementor-1638\" data-elementor-post-type=\"page\">\n\t\t\t\t\t\t<section class=\"elementor-section elementor-top-section elementor-element elementor-element-55c6ede elementor-section-boxed elementor-section-height-default elementor-section-height-default\" data-id=\"55c6ede\" data-element_type=\"section\" data-settings=\"{&quot;background_background&quot;:&quot;classic&quot;}\">\n\t\t\t\t\t\t\t<div class=\"elementor-background-overlay\"><\/div>\n\t\t\t\t\t\t\t<div class=\"elementor-container elementor-column-gap-wide\">\n\t\t\t\t\t<div class=\"elementor-column elementor-col-100 elementor-top-column elementor-element elementor-element-1c52f6d\" data-id=\"1c52f6d\" data-element_type=\"column\">\n\t\t\t<div class=\"elementor-widget-wrap elementor-element-populated\">\n\t\t\t\t\t\t<div class=\"elementor-element elementor-element-aca784d animated-fast elementor-invisible elementor-widget elementor-widget-heading\" data-id=\"aca784d\" data-element_type=\"widget\" data-settings=\"{&quot;_animation&quot;:&quot;fadeInRight&quot;}\" data-widget_type=\"heading.default\">\n\t\t\t\t<div class=\"elementor-widget-container\">\n\t\t\t\t\t<h1 class=\"elementor-heading-title elementor-size-default\">Wie kann man die Messe promoten?<\/h1>\t\t\t\t<\/div>\n\t\t\t\t<\/div>\n\t\t\t\t<div class=\"elementor-element elementor-element-06a3a29 elementor-widget elementor-widget-text-editor\" data-id=\"06a3a29\" data-element_type=\"widget\" data-widget_type=\"text-editor.default\">\n\t\t\t\t<div class=\"elementor-widget-container\">\n\t\t\t\t\t\t\t\t\t<p>Im Vorfeld der Messe ist es wichtig, Ihre Teilnahme (potenziellen) Beziehungen mitzuteilen. Gemeinsam mit Ihnen als Aussteller streben wir nach einem Messegel\u00e4nde voller Qualit\u00e4tsbesucher! Um die Messeteilnahme auf allen m\u00f6glichen Wegen bekannt zu machen, bieten wir Ihnen verschiedene Tools, um die Teilnahme zu bewerben und noch erfolgreicher zu machen.<\/p>\n\t\t\t\t\t\t\t\t<\/div>\n\t\t\t\t<\/div>\n\t\t\t\t\t<\/div>\n\t\t<\/div>\n\t\t\t\t\t<\/div>\n\t\t<\/section>\n\t\t\t\t<section class=\"elementor-section elementor-top-section elementor-element elementor-element-df8c15b elementor-section-boxed elementor-section-height-default elementor-section-height-default\" data-id=\"df8c15b\" data-element_type=\"section\" data-settings=\"{&quot;background_background&quot;:&quot;classic&quot;}\">\n\t\t\t\t\t\t<div class=\"elementor-container elementor-column-gap-default\">\n\t\t\t\t\t<div class=\"elementor-column elementor-col-100 elementor-top-column elementor-element elementor-element-1baa21a\" data-id=\"1baa21a\" data-element_type=\"column\">\n\t\t\t<div class=\"elementor-widget-wrap elementor-element-populated\">\n\t\t\t\t\t\t<section class=\"elementor-section elementor-inner-section elementor-element elementor-element-ca85921 elementor-section-boxed elementor-section-height-default elementor-section-height-default\" data-id=\"ca85921\" data-element_type=\"section\">\n\t\t\t\t\t\t<div class=\"elementor-container elementor-column-gap-wide\">\n\t\t\t\t\t<div class=\"elementor-column elementor-col-100 elementor-inner-column elementor-element elementor-element-133beaf\" data-id=\"133beaf\" data-element_type=\"column\">\n\t\t\t<div class=\"elementor-widget-wrap elementor-element-populated\">\n\t\t\t\t\t\t<div class=\"elementor-element elementor-element-d443717 elementor-invisible elementor-widget elementor-widget-heading\" data-id=\"d443717\" data-element_type=\"widget\" data-settings=\"{&quot;_animation&quot;:&quot;fadeInLeft&quot;}\" data-widget_type=\"heading.default\">\n\t\t\t\t<div class=\"elementor-widget-container\">\n\t\t\t\t\t<h2 class=\"elementor-heading-title elementor-size-default\">Marketingmaterialien<\/h2>\t\t\t\t<\/div>\n\t\t\t\t<\/div>\n\t\t\t\t<div class=\"elementor-element elementor-element-e4793b6 elementor-widget elementor-widget-text-editor\" data-id=\"e4793b6\" data-element_type=\"widget\" data-widget_type=\"text-editor.default\">\n\t\t\t\t<div class=\"elementor-widget-container\">\n\t\t\t\t\t\t\t\t\t<p>Durch ein Klicken auf den Button finden Sie verschiedene Marketingmaterialien. Der Ordner enth\u00e4lt derzeit das B\u00f6rsenlogo in verschiedenen Formaten sowie ein Banner. Verwenden Sie das Logo und das Banner f\u00fcr die verschiedenen Vermarktungen, die Sie im Vorfeld Ihrer Messebeteiligung (in gedruckter und digitaler Form) geplant haben. Auf diese Weise k\u00f6nnen Sie Ihre Teilnahme \u00fcber verschiedene Kan\u00e4le einer m\u00f6glichst gro\u00dfen Zielgruppe bekannt machen.<\/p>\n\t\t\t\t\t\t\t\t<\/div>\n\t\t\t\t<\/div>\n\t\t\t\t<div class=\"elementor-element elementor-element-ee3b51b elementor-widget elementor-widget-text-editor\" data-id=\"ee3b51b\" data-element_type=\"widget\" data-widget_type=\"text-editor.default\">\n\t\t\t\t<div class=\"elementor-widget-container\">\n\t\t\t\t\t\t\t\t\t<p><em>Der Ordner f\u00fcr Marketingmaterialien wird sp\u00e4ter durch weitere Banner erg\u00e4nzt, die Sie auf Ihrer Website, in Ihrer E-Mail-Signatur oder in Ihren digitalen Newslettern verwenden k\u00f6nnen. In Ihrer Online-Kommunikation k\u00f6nnen Sie auf die Website oder das Registrierungsportal verweisen.<\/em><\/p>\n\t\t\t\t\t\t\t\t<\/div>\n\t\t\t\t<\/div>\n\t\t\t\t<div class=\"elementor-element elementor-element-56dffa6 elementor-widget elementor-widget-button\" data-id=\"56dffa6\" data-element_type=\"widget\" data-widget_type=\"button.default\">\n\t\t\t\t<div class=\"elementor-widget-container\">\n\t\t\t\t\t\t\t\t\t<div class=\"elementor-button-wrapper\">\n\t\t\t\t\t<a class=\"elementor-button elementor-button-link elementor-size-sm\" href=\"https:\/\/my.easyfairs.com\/login\">\n\t\t\t\t\t\t<span class=\"elementor-button-content-wrapper\">\n\t\t\t\t\t\t<span class=\"elementor-button-icon\">\n\t\t\t\t<i aria-hidden=\"true\" class=\"fas fa-download\"><\/i>\t\t\t<\/span>\n\t\t\t\t\t\t\t\t\t<span class=\"elementor-button-text\">MY EASYFAIRS<\/span>\n\t\t\t\t\t<\/span>\n\t\t\t\t\t<\/a>\n\t\t\t\t<\/div>\n\t\t\t\t\t\t\t\t<\/div>\n\t\t\t\t<\/div>\n\t\t\t\t\t<\/div>\n\t\t<\/div>\n\t\t\t\t\t<\/div>\n\t\t<\/section>\n\t\t\t\t\t<\/div>\n\t\t<\/div>\n\t\t\t\t\t<\/div>\n\t\t<\/section>\n\t\t\t\t<section class=\"elementor-section elementor-top-section elementor-element elementor-element-1d87ef7 elementor-section-boxed elementor-section-height-default elementor-section-height-default\" data-id=\"1d87ef7\" data-element_type=\"section\">\n\t\t\t\t\t\t<div class=\"elementor-container elementor-column-gap-default\">\n\t\t\t\t\t<div class=\"elementor-column elementor-col-100 elementor-top-column elementor-element elementor-element-aa27d51\" data-id=\"aa27d51\" data-element_type=\"column\">\n\t\t\t<div class=\"elementor-widget-wrap elementor-element-populated\">\n\t\t\t\t\t\t<div class=\"elementor-element elementor-element-332c549 elementor-headline--style-highlight elementor-widget elementor-widget-animated-headline\" data-id=\"332c549\" data-element_type=\"widget\" data-settings=\"{&quot;highlighted_text&quot;:&quot;Tipp:&quot;,&quot;headline_style&quot;:&quot;highlight&quot;,&quot;marker&quot;:&quot;circle&quot;,&quot;loop&quot;:&quot;yes&quot;,&quot;highlight_animation_duration&quot;:1200,&quot;highlight_iteration_delay&quot;:8000}\" data-widget_type=\"animated-headline.default\">\n\t\t\t\t<div class=\"elementor-widget-container\">\n\t\t\t\t\t\t\t<h3 class=\"elementor-headline\">\n\t\t\t\t<span class=\"elementor-headline-dynamic-wrapper elementor-headline-text-wrapper\">\n\t\t\t\t\t<span class=\"elementor-headline-dynamic-text elementor-headline-text-active\">Tipp:<\/span>\n\t\t\t\t<\/span>\n\t\t\t\t<\/h3>\n\t\t\t\t\t\t<\/div>\n\t\t\t\t<\/div>\n\t\t\t\t<div class=\"elementor-element elementor-element-b170f6d elementor-widget elementor-widget-text-editor\" data-id=\"b170f6d\" data-element_type=\"widget\" data-widget_type=\"text-editor.default\">\n\t\t\t\t<div class=\"elementor-widget-container\">\n\t\t\t\t\t\t\t\t\t<p>Geben Sie an, dass Besucher \u00fcber den Registrierungslink kostenlose E-Tickets anfordern k\u00f6nnen. Sie finden den Link auf dieser Seite, sobald das Registrierungsportal f\u00fcr Besucher ge\u00f6ffnet ist! Behalten Sie also diese Seite im Auge. Sie k\u00f6nnen den Link zum Registrierungsportal auch direkt unter Ihre E-Mail-Signatur oder Banner auf Ihrer Website platzieren, um potenziellen Besuchern die Ticketanfrage zu erleichtern.<\/p>\n\t\t\t\t\t\t\t\t<\/div>\n\t\t\t\t<\/div>\n\t\t\t\t\t<\/div>\n\t\t<\/div>\n\t\t\t\t\t<\/div>\n\t\t<\/section>\n\t\t\t\t<section class=\"elementor-section elementor-top-section elementor-element elementor-element-327b445 elementor-section-boxed elementor-section-height-default elementor-section-height-default\" data-id=\"327b445\" data-element_type=\"section\">\n\t\t\t\t\t\t<div class=\"elementor-container elementor-column-gap-default\">\n\t\t\t\t\t<div class=\"elementor-column elementor-col-100 elementor-top-column elementor-element elementor-element-0295750\" data-id=\"0295750\" data-element_type=\"column\">\n\t\t\t<div class=\"elementor-widget-wrap elementor-element-populated\">\n\t\t\t\t\t\t<div class=\"elementor-element elementor-element-06e2e30 elementor-widget elementor-widget-spacer\" data-id=\"06e2e30\" data-element_type=\"widget\" data-widget_type=\"spacer.default\">\n\t\t\t\t<div class=\"elementor-widget-container\">\n\t\t\t\t\t\t\t<div class=\"elementor-spacer\">\n\t\t\t<div class=\"elementor-spacer-inner\"><\/div>\n\t\t<\/div>\n\t\t\t\t\t\t<\/div>\n\t\t\t\t<\/div>\n\t\t\t\t<div class=\"elementor-element elementor-element-02d55c6 elementor-widget elementor-widget-heading\" data-id=\"02d55c6\" data-element_type=\"widget\" data-widget_type=\"heading.default\">\n\t\t\t\t<div class=\"elementor-widget-container\">\n\t\t\t\t\t<h2 class=\"elementor-heading-title elementor-size-default\">Einladungsservice<\/h2>\t\t\t\t<\/div>\n\t\t\t\t<\/div>\n\t\t\t\t<div class=\"elementor-element elementor-element-5b3ce8b elementor-widget elementor-widget-text-editor\" data-id=\"5b3ce8b\" data-element_type=\"widget\" data-widget_type=\"text-editor.default\">\n\t\t\t\t<div class=\"elementor-widget-container\">\n\t\t\t\t\t\t\t\t\t<p>Sie k\u00f6nnen auch kostenlosen Einladungsservice nutzen, der Ihnen alles abnimmt: das Einladen Ihrer Kontake! Weitere Informationen zu diesem einzigartigen Service erhalten Sie durch Klicken auf den Button unten.<\/p>\n<p><em>Bitte beachten Sie: Als Aussteller werden Sie pers\u00f6nlich \u00fcber die Teilnahme am Einladungsservice informiert. Bitte pr\u00fcfen Sie regelm\u00e4\u00dfig Ihre E-Mails.<\/em><\/p>\n\t\t\t\t\t\t\t\t<\/div>\n\t\t\t\t<\/div>\n\t\t\t\t<div class=\"elementor-element elementor-element-84ab7db elementor-widget elementor-widget-button\" data-id=\"84ab7db\" data-element_type=\"widget\" data-widget_type=\"button.default\">\n\t\t\t\t<div class=\"elementor-widget-container\">\n\t\t\t\t\t\t\t\t\t<div class=\"elementor-button-wrapper\">\n\t\t\t\t\t<a class=\"elementor-button elementor-button-link elementor-size-sm\" href=\"https:\/\/www.groenesector.nl\/de\/ich-bin-aussteller\/laden-sie-ihre-geschaftsbeziehungen-ein\/\">\n\t\t\t\t\t\t<span class=\"elementor-button-content-wrapper\">\n\t\t\t\t\t\t<span class=\"elementor-button-icon\">\n\t\t\t\t<i aria-hidden=\"true\" class=\"far fa-arrow-alt-circle-right\"><\/i>\t\t\t<\/span>\n\t\t\t\t\t\t\t\t\t<span class=\"elementor-button-text\">Weitere Informationen<\/span>\n\t\t\t\t\t<\/span>\n\t\t\t\t\t<\/a>\n\t\t\t\t<\/div>\n\t\t\t\t\t\t\t\t<\/div>\n\t\t\t\t<\/div>\n\t\t\t\t\t<\/div>\n\t\t<\/div>\n\t\t\t\t\t<\/div>\n\t\t<\/section>\n\t\t\t\t<section class=\"elementor-section elementor-top-section elementor-element elementor-element-e680ca6 elementor-section-boxed elementor-section-height-default elementor-section-height-default\" data-id=\"e680ca6\" data-element_type=\"section\">\n\t\t\t\t\t\t<div class=\"elementor-container elementor-column-gap-default\">\n\t\t\t\t\t<div class=\"elementor-column elementor-col-100 elementor-top-column elementor-element elementor-element-ff45414\" data-id=\"ff45414\" data-element_type=\"column\">\n\t\t\t<div class=\"elementor-widget-wrap elementor-element-populated\">\n\t\t\t\t\t\t<div class=\"elementor-element elementor-element-113c0de elementor-widget elementor-widget-heading\" data-id=\"113c0de\" data-element_type=\"widget\" data-widget_type=\"heading.default\">\n\t\t\t\t<div class=\"elementor-widget-container\">\n\t\t\t\t\t<h2 class=\"elementor-heading-title elementor-size-default\">Steigern Sie Ihre Sichtbarkeit mit unseren Werbepaketen<\/h2>\t\t\t\t<\/div>\n\t\t\t\t<\/div>\n\t\t\t\t<div class=\"elementor-element elementor-element-96f0d38 elementor-widget elementor-widget-text-editor\" data-id=\"96f0d38\" data-element_type=\"widget\" data-widget_type=\"text-editor.default\">\n\t\t\t\t<div class=\"elementor-widget-container\">\n\t\t\t\t\t\t\t\t\t<p>In Verbindung mit Ihrem EasyGo-Paket k\u00f6nnen Sie zus\u00e4tzliche Werbepakete nutzen, um Ihr Unternehmen noch besser zu pr\u00e4sentieren. Erweitern Sie Ihrne Reichweite und gewinnen Sie die richtigen Besucher f\u00fcr Ihren Messestand. Die Optionen f\u00fcr die Evenementenhallen Hardenberg finden Sie unten. M\u00f6chten Sie mehr erfahren? Kontaktieren Sie uns bitte, wir beraten Sie gerne.<\/p>\n\t\t\t\t\t\t\t\t<\/div>\n\t\t\t\t<\/div>\n\t\t\t\t<div class=\"elementor-element elementor-element-b689f19 elementor-widget elementor-widget-button\" data-id=\"b689f19\" data-element_type=\"widget\" data-widget_type=\"button.default\">\n\t\t\t\t<div class=\"elementor-widget-container\">\n\t\t\t\t\t\t\t\t\t<div class=\"elementor-button-wrapper\">\n\t\t\t\t\t<a class=\"elementor-button elementor-button-link elementor-size-sm\" href=\"https:\/\/www.groenesector.nl\/de\/kontakt\/?_gl=1*1bp1c4u*_up*MQ..*_ga*NDQzMzg5Mzg5LjE3NzE1OTM3MjY.*_ga_Y3LW70STH4*czE3NzE1OTM3MjYkbzEkZzEkdDE3NzE1OTM4ODckajYwJGwwJGgw\">\n\t\t\t\t\t\t<span class=\"elementor-button-content-wrapper\">\n\t\t\t\t\t\t<span class=\"elementor-button-icon\">\n\t\t\t\t<i aria-hidden=\"true\" class=\"far fa-arrow-alt-circle-right\"><\/i>\t\t\t<\/span>\n\t\t\t\t\t\t\t\t\t<span class=\"elementor-button-text\">Weitere Informationen<\/span>\n\t\t\t\t\t<\/span>\n\t\t\t\t\t<\/a>\n\t\t\t\t<\/div>\n\t\t\t\t\t\t\t\t<\/div>\n\t\t\t\t<\/div>\n\t\t\t\t\t<\/div>\n\t\t<\/div>\n\t\t\t\t\t<\/div>\n\t\t<\/section>\n\t\t\t\t<section class=\"elementor-section elementor-top-section elementor-element elementor-element-f28a1e0 elementor-section-boxed elementor-section-height-default elementor-section-height-default\" data-id=\"f28a1e0\" data-element_type=\"section\">\n\t\t\t\t\t\t<div class=\"elementor-container elementor-column-gap-default\">\n\t\t\t\t\t<div class=\"elementor-column elementor-col-100 elementor-top-column elementor-element elementor-element-b1d8140\" data-id=\"b1d8140\" data-element_type=\"column\">\n\t\t\t<div class=\"elementor-widget-wrap elementor-element-populated\">\n\t\t\t\t\t\t<div class=\"elementor-element elementor-element-a40da4f elementor-widget elementor-widget-image\" data-id=\"a40da4f\" data-element_type=\"widget\" data-widget_type=\"image.default\">\n\t\t\t\t<div class=\"elementor-widget-container\">\n\t\t\t\t\t\t\t\t\t\t\t\t\t\t\t\t<a href=\"https:\/\/easyfairsassets.com\/sites\/145\/2025\/09\/EasyGo-promo-pakketten-Groene-Sector-2026-1.pdf\">\n\t\t\t\t\t\t\t<img fetchpriority=\"high\" decoding=\"async\" width=\"800\" height=\"862\" src=\"https:\/\/easyfairsassets.com\/sites\/145\/2025\/09\/EasyGo-promo-pakketten-Groene-Sector-2026-1.pdf-950x1024.png\" class=\"attachment-large size-large wp-image-158820\" alt=\"\" srcset=\"https:\/\/easyfairsassets.com\/sites\/145\/2025\/09\/EasyGo-promo-pakketten-Groene-Sector-2026-1.pdf-950x1024.png 950w, https:\/\/easyfairsassets.com\/sites\/145\/2025\/09\/EasyGo-promo-pakketten-Groene-Sector-2026-1.pdf-278x300.png 278w, https:\/\/easyfairsassets.com\/sites\/145\/2025\/09\/EasyGo-promo-pakketten-Groene-Sector-2026-1.pdf-768x828.png 768w, https:\/\/easyfairsassets.com\/sites\/145\/2025\/09\/EasyGo-promo-pakketten-Groene-Sector-2026-1.pdf.png 1122w\" sizes=\"(max-width: 800px) 100vw, 800px\" \/>\t\t\t\t\t\t\t\t<\/a>\n\t\t\t\t\t\t\t\t\t\t\t\t\t\t\t<\/div>\n\t\t\t\t<\/div>\n\t\t\t\t\t<\/div>\n\t\t<\/div>\n\t\t\t\t\t<\/div>\n\t\t<\/section>\n\t\t\t\t<\/div>\n\t\t","protected":false},"excerpt":{"rendered":"<p>Im Vorfeld der Messe ist es wichtig, Ihre Teilnahme (potenziellen) Beziehungen mitzuteilen. Gemeinsam mit Ihnen als Aussteller streben wir nach einem Messegel\u00e4nde voller Qualit\u00e4tsbesucher! Um die Messeteilnahme auf allen m\u00f6glichen Wegen bekannt zu machen, bieten wir Ihnen verschiedene Tools, um die Teilnahme zu bewerben und noch erfolgreicher zu machen. Marketingmaterialien Durch ein Klicken auf den [&hellip;]<\/p>\n","protected":false},"author":82,"featured_media":2579,"parent":3090,"menu_order":0,"comment_status":"closed","ping_status":"closed","template":"","meta":{"_seopress_robots_primary_cat":"","_seopress_titles_title":"Wie kann man die Messe promoten? - De Groene Sector Vakbeurs ","_seopress_titles_desc":"Gerne unterst\u00fctzen wir Sie bei der Bewerbung Ihrer Teilnahme an der Messe f\u00fcr De Groene Sector Vakbeurs!","_seopress_robots_index":"","_improvement_type_select":"improve_an_existing","_thumb_yes_seoaic":false,"_frame_yes_seoaic":false,"seoaic_generate_description":"","seoaic_improve_instructions_prompt":"","seoaic_rollback_content_improvement":"","seoaic_idea_thumbnail_generator":"","thumbnail_generated":false,"thumbnail_generate_prompt":"","seoaic_article_description":"","footnotes":""},"class_list":["post-3068","page","type-page","status-publish","has-post-thumbnail","hentry"],"_links":{"self":[{"href":"https:\/\/www.groenesector.nl\/wp-json\/wp\/v2\/pages\/3068","targetHints":{"allow":["GET"]}}],"collection":[{"href":"https:\/\/www.groenesector.nl\/wp-json\/wp\/v2\/pages"}],"about":[{"href":"https:\/\/www.groenesector.nl\/wp-json\/wp\/v2\/types\/page"}],"author":[{"embeddable":true,"href":"https:\/\/www.groenesector.nl\/wp-json\/wp\/v2\/users\/82"}],"replies":[{"embeddable":true,"href":"https:\/\/www.groenesector.nl\/wp-json\/wp\/v2\/comments?post=3068"}],"version-history":[{"count":5,"href":"https:\/\/www.groenesector.nl\/wp-json\/wp\/v2\/pages\/3068\/revisions"}],"predecessor-version":[{"id":174981,"href":"https:\/\/www.groenesector.nl\/wp-json\/wp\/v2\/pages\/3068\/revisions\/174981"}],"up":[{"embeddable":true,"href":"https:\/\/www.groenesector.nl\/wp-json\/wp\/v2\/pages\/3090"}],"wp:featuredmedia":[{"embeddable":true,"href":"https:\/\/www.groenesector.nl\/wp-json\/wp\/v2\/media\/2579"}],"wp:attachment":[{"href":"https:\/\/www.groenesector.nl\/wp-json\/wp\/v2\/media?parent=3068"}],"curies":[{"name":"wp","href":"https:\/\/api.w.org\/{rel}","templated":true}]}}