{"id":3043,"date":"2019-05-08T15:26:25","date_gmt":"2019-05-08T14:26:25","guid":{"rendered":"https:\/\/www.groenesector.nl\/presse\/"},"modified":"2025-08-19T12:06:04","modified_gmt":"2025-08-19T10:06:04","slug":"presse","status":"publish","type":"page","link":"https:\/\/www.groenesector.nl\/de\/presse\/","title":{"rendered":"Presse"},"content":{"rendered":"\t\t<div data-elementor-type=\"wp-post\" data-elementor-id=\"3043\" class=\"elementor elementor-3043 elementor-192\" data-elementor-post-type=\"page\">\n\t\t\t\t\t\t<section class=\"elementor-section elementor-top-section elementor-element elementor-element-7704385 elementor-section-content-middle elementor-section-boxed elementor-section-height-default elementor-section-height-default\" data-id=\"7704385\" data-element_type=\"section\">\n\t\t\t\t\t\t<div class=\"elementor-container elementor-column-gap-wide\">\n\t\t\t\t\t<div class=\"elementor-column elementor-col-50 elementor-top-column elementor-element elementor-element-3467178\" data-id=\"3467178\" data-element_type=\"column\">\n\t\t\t<div class=\"elementor-widget-wrap elementor-element-populated\">\n\t\t\t\t\t\t<div class=\"elementor-element elementor-element-ba5dd2d animated-fast elementor-invisible elementor-widget elementor-widget-heading\" data-id=\"ba5dd2d\" data-element_type=\"widget\" data-settings=\"{&quot;_animation&quot;:&quot;fadeInLeft&quot;}\" data-widget_type=\"heading.default\">\n\t\t\t\t<div class=\"elementor-widget-container\">\n\t\t\t\t\t<h1 class=\"elementor-heading-title elementor-size-default\">Sie sind herzlich willkommen<\/h1>\t\t\t\t<\/div>\n\t\t\t\t<\/div>\n\t\t\t\t<div class=\"elementor-element elementor-element-2235587 elementor-widget elementor-widget-text-editor\" data-id=\"2235587\" data-element_type=\"widget\" data-widget_type=\"text-editor.default\">\n\t\t\t\t<div class=\"elementor-widget-container\">\n\t\t\t\t\t\t\t\t\t<p>Easyfairs Nederland ist seit mehr als 20 Jahren f\u00fcr seine Gastfreundschaft bekannt. Das gilt nat\u00fcrlich auch f\u00fcr die Presse. Deshalb ist die Presse auf Messen und Veranstaltungen von Easyfairs Nederland, dem gr\u00f6\u00dften Messe- und Eventveranstalter der Niederlande, herzlich willkommen.<\/p>\n<p>Die Akkreditierungs- und Interviewanfragen finden Sie in der <a href=\"mailto:pers@easyfairs.com\">Presseabteilung<\/a> von Easyfairs Nederland.<\/p>\n\t\t\t\t\t\t\t\t<\/div>\n\t\t\t\t<\/div>\n\t\t\t\t\t<\/div>\n\t\t<\/div>\n\t\t\t\t<div class=\"elementor-column elementor-col-50 elementor-top-column elementor-element elementor-element-688034d\" data-id=\"688034d\" data-element_type=\"column\">\n\t\t\t<div class=\"elementor-widget-wrap elementor-element-populated\">\n\t\t\t\t\t\t<div class=\"elementor-element elementor-element-3f86e0d elementor-widget elementor-widget-image\" data-id=\"3f86e0d\" data-element_type=\"widget\" data-widget_type=\"image.default\">\n\t\t\t\t<div class=\"elementor-widget-container\">\n\t\t\t\t\t\t\t\t\t\t\t\t\t\t\t<img fetchpriority=\"high\" decoding=\"async\" width=\"800\" height=\"400\" src=\"https:\/\/easyfairsassets.com\/sites\/145\/2019\/03\/Pers-1024x512.jpg\" class=\"attachment-large size-large wp-image-2415\" alt=\"\" srcset=\"https:\/\/easyfairsassets.com\/sites\/145\/2019\/03\/Pers-1024x512.jpg 1024w, https:\/\/easyfairsassets.com\/sites\/145\/2019\/03\/Pers-300x150.jpg 300w, https:\/\/easyfairsassets.com\/sites\/145\/2019\/03\/Pers-768x384.jpg 768w, https:\/\/easyfairsassets.com\/sites\/145\/2019\/03\/Pers.jpg 2000w\" sizes=\"(max-width: 800px) 100vw, 800px\" \/>\t\t\t\t\t\t\t\t\t\t\t\t\t\t\t<\/div>\n\t\t\t\t<\/div>\n\t\t\t\t\t<\/div>\n\t\t<\/div>\n\t\t\t\t\t<\/div>\n\t\t<\/section>\n\t\t\t\t<section class=\"elementor-section elementor-top-section elementor-element elementor-element-39cf2d7 elementor-section-boxed elementor-section-height-default elementor-section-height-default\" data-id=\"39cf2d7\" data-element_type=\"section\">\n\t\t\t\t\t\t<div class=\"elementor-container elementor-column-gap-wide\">\n\t\t\t\t\t<div class=\"elementor-column elementor-col-50 elementor-top-column elementor-element elementor-element-13f6dcd\" data-id=\"13f6dcd\" data-element_type=\"column\">\n\t\t\t<div class=\"elementor-widget-wrap elementor-element-populated\">\n\t\t\t\t\t\t<div class=\"elementor-element elementor-element-7d480c8 elementor-widget elementor-widget-text-editor\" data-id=\"7d480c8\" data-element_type=\"widget\" data-widget_type=\"text-editor.default\">\n\t\t\t\t<div class=\"elementor-widget-container\">\n\t\t\t\t\t\t\t\t\t<h3>Presse Akkreditierungen<\/h3>\n<p>Um die Akkreditierung f\u00fcr eine Messe \/ Veranstaltung von Easyfairs Nederland zu beantragen, k\u00f6nnen Sie eine E-Mail an <a href=\"mailto:pers@easyfairs.com\">pers@easyfairs.com<\/a> senden. Die Akkreditierung muss sp\u00e4testens zwei Werktage vor der Ausstellung \/ Veranstaltung beantragt werden. Danach erhalten Sie per E-Mail eine Antwort, ob die Akkreditierung gew\u00e4hrt wurde oder nicht. Als vorab akkreditiertes Pressemitglied k\u00f6nnen Sie Ihren Presseausweis bei der Messehalle abholen.<\/p>\n\t\t\t\t\t\t\t\t<\/div>\n\t\t\t\t<\/div>\n\t\t\t\t\t<\/div>\n\t\t<\/div>\n\t\t\t\t<div class=\"elementor-column elementor-col-50 elementor-top-column elementor-element elementor-element-fabdbea\" data-id=\"fabdbea\" data-element_type=\"column\">\n\t\t\t<div class=\"elementor-widget-wrap elementor-element-populated\">\n\t\t\t\t\t\t<div class=\"elementor-element elementor-element-b423c86 elementor-widget elementor-widget-text-editor\" data-id=\"b423c86\" data-element_type=\"widget\" data-widget_type=\"text-editor.default\">\n\t\t\t\t<div class=\"elementor-widget-container\">\n\t\t\t\t\t\t\t\t\t<h3>Parken<\/h3>\n<p>Easyfairs Nederland organisiert Ausstellungen \/ Veranstaltungen an Standorten mit ausreichend Parkm\u00f6glichkeiten.<\/p>\n\t\t\t\t\t\t\t\t<\/div>\n\t\t\t\t<\/div>\n\t\t\t\t<div class=\"elementor-element elementor-element-5acce27 elementor-widget elementor-widget-text-editor\" data-id=\"5acce27\" data-element_type=\"widget\" data-widget_type=\"text-editor.default\">\n\t\t\t\t<div class=\"elementor-widget-container\">\n\t\t\t\t\t\t\t\t\t<h3>Pressemitteilungen erhalten?<\/h3>\n<p>M\u00f6chten Sie auf der Mailingliste der Pressemitteilungen von Easyfairs Nederland stehen? Bitte kontaktieren Sie uns unter <a href=\"mailto:pers@easyfairs.com\">pers@easyfairs.com<\/a>.<br \/>\nF\u00fcr weitere Informationen, Bilder, Interviewanfragen und\/oder andere Fragen k\u00f6nnen Sie sich an unsere Presseabteilung wenden.<\/p>\n\t\t\t\t\t\t\t\t<\/div>\n\t\t\t\t<\/div>\n\t\t\t\t\t<\/div>\n\t\t<\/div>\n\t\t\t\t\t<\/div>\n\t\t<\/section>\n\t\t\t\t<section class=\"elementor-section elementor-top-section elementor-element elementor-element-37066b6 elementor-section-boxed elementor-section-height-default elementor-section-height-default\" data-id=\"37066b6\" data-element_type=\"section\" data-settings=\"{&quot;background_background&quot;:&quot;classic&quot;}\">\n\t\t\t\t\t\t<div class=\"elementor-container elementor-column-gap-default\">\n\t\t\t\t\t<div class=\"elementor-column elementor-col-100 elementor-top-column elementor-element elementor-element-3e85458\" data-id=\"3e85458\" data-element_type=\"column\">\n\t\t\t<div class=\"elementor-widget-wrap elementor-element-populated\">\n\t\t\t\t\t\t<section class=\"elementor-section elementor-inner-section elementor-element elementor-element-e3ac99d elementor-section-content-middle elementor-section-boxed elementor-section-height-default elementor-section-height-default\" data-id=\"e3ac99d\" data-element_type=\"section\">\n\t\t\t\t\t\t<div class=\"elementor-container elementor-column-gap-wide\">\n\t\t\t\t\t<div class=\"elementor-column elementor-col-50 elementor-inner-column elementor-element elementor-element-e3723a6\" data-id=\"e3723a6\" data-element_type=\"column\">\n\t\t\t<div class=\"elementor-widget-wrap elementor-element-populated\">\n\t\t\t\t\t\t<div class=\"elementor-element elementor-element-d0158fc elementor-widget elementor-widget-heading\" data-id=\"d0158fc\" data-element_type=\"widget\" data-widget_type=\"heading.default\">\n\t\t\t\t<div class=\"elementor-widget-container\">\n\t\t\t\t\t<h2 class=\"elementor-heading-title elementor-size-default\">Fragen?<\/h2>\t\t\t\t<\/div>\n\t\t\t\t<\/div>\n\t\t\t\t<div class=\"elementor-element elementor-element-2940aee elementor-widget elementor-widget-text-editor\" data-id=\"2940aee\" data-element_type=\"widget\" data-widget_type=\"text-editor.default\">\n\t\t\t\t<div class=\"elementor-widget-container\">\n\t\t\t\t\t\t\t\t\t<p>Ben\u00f6tigen Sie Fotos in hoher Aufl\u00f6sung?<br \/>Oder haben Sie noch spezielle Fragen?<\/p><p>Bitte wenden Sie sich an Lotte de Haan unter <a href=\"mailto:lotte.dehaan@easyfairs.com\">lotte.dehaan@easyfairs.com<\/a> oder <a href=\"tel:+310631988084\">+31 (0)6 31 98 80 84<\/a>.<\/p>\t\t\t\t\t\t\t\t<\/div>\n\t\t\t\t<\/div>\n\t\t\t\t\t<\/div>\n\t\t<\/div>\n\t\t\t\t<div class=\"elementor-column elementor-col-50 elementor-inner-column elementor-element elementor-element-7fa78ef elementor-hidden-desktop elementor-hidden-tablet elementor-hidden-mobile\" data-id=\"7fa78ef\" data-element_type=\"column\">\n\t\t\t<div class=\"elementor-widget-wrap elementor-element-populated\">\n\t\t\t\t\t\t<div class=\"elementor-element elementor-element-57b86f5 elementor-position-top elementor-widget elementor-widget-image-box\" data-id=\"57b86f5\" data-element_type=\"widget\" data-widget_type=\"image-box.default\">\n\t\t\t\t<div class=\"elementor-widget-container\">\n\t\t\t\t\t<div class=\"elementor-image-box-wrapper\"><figure class=\"elementor-image-box-img\"><img decoding=\"async\" width=\"524\" height=\"488\" src=\"https:\/\/easyfairsassets.com\/sites\/145\/2019\/03\/Personeelsfoto-Patrick.jpg\" class=\"elementor-animation-grow attachment-full size-full wp-image-2274\" alt=\"\" srcset=\"https:\/\/easyfairsassets.com\/sites\/145\/2019\/03\/Personeelsfoto-Patrick.jpg 524w, https:\/\/easyfairsassets.com\/sites\/145\/2019\/03\/Personeelsfoto-Patrick-300x279.jpg 300w\" sizes=\"(max-width: 524px) 100vw, 524px\" \/><\/figure><div class=\"elementor-image-box-content\"><h3 class=\"elementor-image-box-title\">Patrick Drenthen<\/h3><p class=\"elementor-image-box-description\">Pressekontakt<\/p><\/div><\/div>\t\t\t\t<\/div>\n\t\t\t\t<\/div>\n\t\t\t\t\t<\/div>\n\t\t<\/div>\n\t\t\t\t\t<\/div>\n\t\t<\/section>\n\t\t\t\t\t<\/div>\n\t\t<\/div>\n\t\t\t\t\t<\/div>\n\t\t<\/section>\n\t\t\t\t<\/div>\n\t\t","protected":false},"excerpt":{"rendered":"<p>Sie sind herzlich willkommen Easyfairs Nederland ist seit mehr als 20 Jahren f\u00fcr seine Gastfreundschaft bekannt. Das gilt nat\u00fcrlich auch f\u00fcr die Presse. Deshalb ist die Presse auf Messen und Veranstaltungen von Easyfairs Nederland, dem gr\u00f6\u00dften Messe- und Eventveranstalter der Niederlande, herzlich willkommen. Die Akkreditierungs- und Interviewanfragen finden Sie in der Presseabteilung von Easyfairs Nederland. [&hellip;]<\/p>\n","protected":false},"author":36,"featured_media":2606,"parent":0,"menu_order":0,"comment_status":"closed","ping_status":"closed","template":"","meta":{"_seopress_robots_primary_cat":"","_seopress_titles_title":"","_seopress_titles_desc":"","_seopress_robots_index":"","_improvement_type_select":"improve_an_existing","_thumb_yes_seoaic":false,"_frame_yes_seoaic":false,"seoaic_generate_description":"","seoaic_improve_instructions_prompt":"","seoaic_rollback_content_improvement":"","seoaic_idea_thumbnail_generator":"","thumbnail_generated":false,"thumbnail_generate_prompt":"","seoaic_article_description":"","footnotes":""},"class_list":["post-3043","page","type-page","status-publish","has-post-thumbnail","hentry"],"_links":{"self":[{"href":"https:\/\/www.groenesector.nl\/wp-json\/wp\/v2\/pages\/3043","targetHints":{"allow":["GET"]}}],"collection":[{"href":"https:\/\/www.groenesector.nl\/wp-json\/wp\/v2\/pages"}],"about":[{"href":"https:\/\/www.groenesector.nl\/wp-json\/wp\/v2\/types\/page"}],"author":[{"embeddable":true,"href":"https:\/\/www.groenesector.nl\/wp-json\/wp\/v2\/users\/36"}],"replies":[{"embeddable":true,"href":"https:\/\/www.groenesector.nl\/wp-json\/wp\/v2\/comments?post=3043"}],"version-history":[{"count":3,"href":"https:\/\/www.groenesector.nl\/wp-json\/wp\/v2\/pages\/3043\/revisions"}],"predecessor-version":[{"id":156236,"href":"https:\/\/www.groenesector.nl\/wp-json\/wp\/v2\/pages\/3043\/revisions\/156236"}],"wp:featuredmedia":[{"embeddable":true,"href":"https:\/\/www.groenesector.nl\/wp-json\/wp\/v2\/media\/2606"}],"wp:attachment":[{"href":"https:\/\/www.groenesector.nl\/wp-json\/wp\/v2\/media?parent=3043"}],"curies":[{"name":"wp","href":"https:\/\/api.w.org\/{rel}","templated":true}]}}