{"id":2567,"date":"2019-03-20T16:32:05","date_gmt":"2019-03-20T15:32:05","guid":{"rendered":"https:\/\/www.groenesector.nl\/besucher\/warum-besuchen\/"},"modified":"2025-04-29T12:19:29","modified_gmt":"2025-04-29T10:19:29","slug":"warum-besuchen","status":"publish","type":"page","link":"https:\/\/www.groenesector.nl\/de\/besucher\/warum-besuchen\/","title":{"rendered":"Warum besuchen?"},"content":{"rendered":"\t\t<div data-elementor-type=\"wp-post\" data-elementor-id=\"2567\" class=\"elementor elementor-2567 elementor-1684\" data-elementor-post-type=\"page\">\n\t\t\t\t\t\t<section class=\"elementor-section elementor-top-section elementor-element elementor-element-9f5dff0 elementor-section-boxed elementor-section-height-default elementor-section-height-default\" data-id=\"9f5dff0\" data-element_type=\"section\" data-settings=\"{&quot;background_background&quot;:&quot;classic&quot;}\">\n\t\t\t\t\t\t\t<div class=\"elementor-background-overlay\"><\/div>\n\t\t\t\t\t\t\t<div class=\"elementor-container elementor-column-gap-wide\">\n\t\t\t\t\t<div class=\"elementor-column elementor-col-50 elementor-top-column elementor-element elementor-element-e16f713\" data-id=\"e16f713\" data-element_type=\"column\">\n\t\t\t<div class=\"elementor-widget-wrap elementor-element-populated\">\n\t\t\t\t\t\t<div class=\"elementor-element elementor-element-38557bf animated-fast elementor-invisible elementor-widget elementor-widget-heading\" data-id=\"38557bf\" data-element_type=\"widget\" data-settings=\"{&quot;_animation&quot;:&quot;fadeInRight&quot;}\" data-widget_type=\"heading.default\">\n\t\t\t\t<div class=\"elementor-widget-container\">\n\t\t\t\t\t<h1 class=\"elementor-heading-title elementor-size-default\">Warum besuchen?<\/h1>\t\t\t\t<\/div>\n\t\t\t\t<\/div>\n\t\t\t\t<div class=\"elementor-element elementor-element-29497ca elementor-widget elementor-widget-text-editor\" data-id=\"29497ca\" data-element_type=\"widget\" data-widget_type=\"text-editor.default\">\n\t\t\t\t<div class=\"elementor-widget-container\">\n\t\t\t\t\t\t\t\t\t<p>De Groene Sector Vakbeurs ist der Wissens- und Netzwerktreffen f\u00fcr der gr\u00fcne Branche. Jedes Jahr kommen durchschnittlich 18.000 Fachleute aus der Branche zur dreit\u00e4gigen Fachmesse. Nicht weniger als 300 Aussteller pr\u00e4sentieren sich.<\/p>\n<p>Lassen Sie sich von Neuheiten inspirieren, reichen Sie vertrauensw\u00fcrdigen Gesch\u00e4ftspartnern die Hand und erweitern Sie Ihr gr\u00fcnes Netzwerk.<\/p>\n\t\t\t\t\t\t\t\t<\/div>\n\t\t\t\t<\/div>\n\t\t\t\t<div class=\"elementor-element elementor-element-f265418 elementor-widget elementor-widget-button\" data-id=\"f265418\" data-element_type=\"widget\" data-widget_type=\"button.default\">\n\t\t\t\t<div class=\"elementor-widget-container\">\n\t\t\t\t\t\t\t\t\t<div class=\"elementor-button-wrapper\">\n\t\t\t\t\t<a class=\"elementor-button elementor-button-link elementor-size-sm\" href=\"https:\/\/easyfairsassets.com\/sites\/145\/2025\/04\/factsheet.pdf\">\n\t\t\t\t\t\t<span class=\"elementor-button-content-wrapper\">\n\t\t\t\t\t\t\t\t\t<span class=\"elementor-button-text\">FACTS &amp; FIGURES<\/span>\n\t\t\t\t\t<\/span>\n\t\t\t\t\t<\/a>\n\t\t\t\t<\/div>\n\t\t\t\t\t\t\t\t<\/div>\n\t\t\t\t<\/div>\n\t\t\t\t\t<\/div>\n\t\t<\/div>\n\t\t\t\t<div class=\"elementor-column elementor-col-50 elementor-top-column elementor-element elementor-element-334321f\" data-id=\"334321f\" data-element_type=\"column\">\n\t\t\t<div class=\"elementor-widget-wrap elementor-element-populated\">\n\t\t\t\t\t\t<div class=\"elementor-element elementor-element-5fc2931 elementor-widget elementor-widget-video\" data-id=\"5fc2931\" data-element_type=\"widget\" data-settings=\"{&quot;youtube_url&quot;:&quot;https:\\\/\\\/www.youtube.com\\\/watch?v=KBbF2mOm26k&quot;,&quot;autoplay&quot;:&quot;yes&quot;,&quot;mute&quot;:&quot;yes&quot;,&quot;loop&quot;:&quot;yes&quot;,&quot;video_type&quot;:&quot;youtube&quot;,&quot;controls&quot;:&quot;yes&quot;}\" data-widget_type=\"video.default\">\n\t\t\t\t<div class=\"elementor-widget-container\">\n\t\t\t\t\t\t\t<div class=\"elementor-wrapper elementor-open-inline\">\n\t\t\t<div class=\"elementor-video\"><\/div>\t\t<\/div>\n\t\t\t\t\t\t<\/div>\n\t\t\t\t<\/div>\n\t\t\t\t\t<\/div>\n\t\t<\/div>\n\t\t\t\t\t<\/div>\n\t\t<\/section>\n\t\t\t\t<section class=\"elementor-section elementor-top-section elementor-element elementor-element-240ae9d elementor-section-boxed elementor-section-height-default elementor-section-height-default\" data-id=\"240ae9d\" data-element_type=\"section\" data-settings=\"{&quot;background_background&quot;:&quot;classic&quot;}\">\n\t\t\t\t\t\t\t<div class=\"elementor-background-overlay\"><\/div>\n\t\t\t\t\t\t\t<div class=\"elementor-container elementor-column-gap-wide\">\n\t\t\t\t\t<div class=\"elementor-column elementor-col-50 elementor-top-column elementor-element elementor-element-6b451c8\" data-id=\"6b451c8\" data-element_type=\"column\">\n\t\t\t<div class=\"elementor-widget-wrap elementor-element-populated\">\n\t\t\t\t\t\t<div class=\"elementor-element elementor-element-4850e59 elementor-widget elementor-widget-image\" data-id=\"4850e59\" data-element_type=\"widget\" data-widget_type=\"image.default\">\n\t\t\t\t<div class=\"elementor-widget-container\">\n\t\t\t\t\t\t\t\t\t\t\t\t\t\t\t<img fetchpriority=\"high\" decoding=\"async\" width=\"800\" height=\"400\" src=\"https:\/\/easyfairsassets.com\/sites\/145\/2019\/03\/Seijbel-Photography-0903-1024x512.jpeg\" class=\"elementor-animation-grow attachment-large size-large wp-image-1541\" alt=\"\" srcset=\"https:\/\/easyfairsassets.com\/sites\/145\/2019\/03\/Seijbel-Photography-0903-1024x512.jpeg 1024w, https:\/\/easyfairsassets.com\/sites\/145\/2019\/03\/Seijbel-Photography-0903-300x150.jpeg 300w, https:\/\/easyfairsassets.com\/sites\/145\/2019\/03\/Seijbel-Photography-0903-768x384.jpeg 768w\" sizes=\"(max-width: 800px) 100vw, 800px\" \/>\t\t\t\t\t\t\t\t\t\t\t\t\t\t\t<\/div>\n\t\t\t\t<\/div>\n\t\t\t\t\t<\/div>\n\t\t<\/div>\n\t\t\t\t<div class=\"elementor-column elementor-col-50 elementor-top-column elementor-element elementor-element-b56ad1f\" data-id=\"b56ad1f\" data-element_type=\"column\">\n\t\t\t<div class=\"elementor-widget-wrap elementor-element-populated\">\n\t\t\t\t\t\t<div class=\"elementor-element elementor-element-c72696a animated-fast elementor-invisible elementor-widget elementor-widget-heading\" data-id=\"c72696a\" data-element_type=\"widget\" data-settings=\"{&quot;_animation&quot;:&quot;fadeInLeft&quot;}\" data-widget_type=\"heading.default\">\n\t\t\t\t<div class=\"elementor-widget-container\">\n\t\t\t\t\t<h1 class=\"elementor-heading-title elementor-size-default\">Innovation und Inspiration<\/h1>\t\t\t\t<\/div>\n\t\t\t\t<\/div>\n\t\t\t\t<div class=\"elementor-element elementor-element-ee62d73 elementor-widget elementor-widget-text-editor\" data-id=\"ee62d73\" data-element_type=\"widget\" data-widget_type=\"text-editor.default\">\n\t\t\t\t<div class=\"elementor-widget-container\">\n\t\t\t\t\t\t\t\t\t<p>Demonstrationen und verschiedene Pr\u00e4sentationen machen De Groene Sector Vakbeurs zu einer wertvollen Veranstaltung, um sich mit Innovationen in der Branche vertraut zu machen und sich inspirieren zu lassen.<\/p>\n<p>Und nat\u00fcrlich d\u00fcrfen wir den Innovationsroute nicht vergessen. Nach einem Messebesuch kennen Sie die neuesten Maschinen und Produkte, Gesetze und Vorschriften sowie Trends und Entwicklungen in Ihrer Branche.<\/p>\n\t\t\t\t\t\t\t\t<\/div>\n\t\t\t\t<\/div>\n\t\t\t\t\t<\/div>\n\t\t<\/div>\n\t\t\t\t\t<\/div>\n\t\t<\/section>\n\t\t\t\t<section class=\"elementor-section elementor-top-section elementor-element elementor-element-decce47 elementor-section-boxed elementor-section-height-default elementor-section-height-default\" data-id=\"decce47\" data-element_type=\"section\" data-settings=\"{&quot;background_background&quot;:&quot;classic&quot;}\">\n\t\t\t\t\t\t\t<div class=\"elementor-background-overlay\"><\/div>\n\t\t\t\t\t\t\t<div class=\"elementor-container elementor-column-gap-wide\">\n\t\t\t\t\t<div class=\"elementor-column elementor-col-50 elementor-top-column elementor-element elementor-element-f07c671\" data-id=\"f07c671\" data-element_type=\"column\">\n\t\t\t<div class=\"elementor-widget-wrap elementor-element-populated\">\n\t\t\t\t\t\t<div class=\"elementor-element elementor-element-3793516 animated-fast elementor-invisible elementor-widget elementor-widget-heading\" data-id=\"3793516\" data-element_type=\"widget\" data-settings=\"{&quot;_animation&quot;:&quot;fadeInRight&quot;}\" data-widget_type=\"heading.default\">\n\t\t\t\t<div class=\"elementor-widget-container\">\n\t\t\t\t\t<h1 class=\"elementor-heading-title elementor-size-default\">Erfahrung<\/h1>\t\t\t\t<\/div>\n\t\t\t\t<\/div>\n\t\t\t\t<div class=\"elementor-element elementor-element-9f7c4cb elementor-widget elementor-widget-text-editor\" data-id=\"9f7c4cb\" data-element_type=\"widget\" data-widget_type=\"text-editor.default\">\n\t\t\t\t<div class=\"elementor-widget-container\">\n\t\t\t\t\t\t\t\t\t<p>Die Groene Sector Vakbeurs bietet bei der n\u00e4chsten Ausgabe neue Erlebnisse: einen wundersch\u00f6n angelegten Nachhaltigkeitspark in Halle 3 und den nat\u00fcrlich kommenden Nationalen Wettbewerb G\u00e4rtner in Halle 4.<br \/>\nBei der n\u00e4chsten Ausgabe ist der Starters Square in Halle 2 wieder dabei, und dieses Mal mit nicht weniger als f\u00fcnf Startern.<\/p>\n\t\t\t\t\t\t\t\t<\/div>\n\t\t\t\t<\/div>\n\t\t\t\t\t<\/div>\n\t\t<\/div>\n\t\t\t\t<div class=\"elementor-column elementor-col-50 elementor-top-column elementor-element elementor-element-cc30064\" data-id=\"cc30064\" data-element_type=\"column\">\n\t\t\t<div class=\"elementor-widget-wrap elementor-element-populated\">\n\t\t\t\t\t\t<section class=\"elementor-section elementor-inner-section elementor-element elementor-element-8fd9652 elementor-section-boxed elementor-section-height-default elementor-section-height-default\" data-id=\"8fd9652\" data-element_type=\"section\">\n\t\t\t\t\t\t<div class=\"elementor-container elementor-column-gap-default\">\n\t\t\t\t\t<div class=\"elementor-column elementor-col-50 elementor-inner-column elementor-element elementor-element-c4bffb6\" data-id=\"c4bffb6\" data-element_type=\"column\">\n\t\t\t<div class=\"elementor-widget-wrap elementor-element-populated\">\n\t\t\t\t\t\t<div class=\"elementor-element elementor-element-adc6057 elementor-widget elementor-widget-image\" data-id=\"adc6057\" data-element_type=\"widget\" data-widget_type=\"image.default\">\n\t\t\t\t<div class=\"elementor-widget-container\">\n\t\t\t\t\t\t\t\t\t\t\t\t\t\t\t<img decoding=\"async\" src=\"https:\/\/easyfairsassets.com\/sites\/145\/2019\/04\/Beleving-en-inspiratie-1.png\" title=\"\" alt=\"\" class=\"elementor-animation-grow\" loading=\"lazy\" \/>\t\t\t\t\t\t\t\t\t\t\t\t\t\t\t<\/div>\n\t\t\t\t<\/div>\n\t\t\t\t\t<\/div>\n\t\t<\/div>\n\t\t\t\t<div class=\"elementor-column elementor-col-50 elementor-inner-column elementor-element elementor-element-00c8fe9\" data-id=\"00c8fe9\" data-element_type=\"column\">\n\t\t\t<div class=\"elementor-widget-wrap elementor-element-populated\">\n\t\t\t\t\t\t<div class=\"elementor-element elementor-element-0098330 elementor-widget elementor-widget-image\" data-id=\"0098330\" data-element_type=\"widget\" data-widget_type=\"image.default\">\n\t\t\t\t<div class=\"elementor-widget-container\">\n\t\t\t\t\t\t\t\t\t\t\t\t\t\t\t<img decoding=\"async\" src=\"https:\/\/easyfairsassets.com\/sites\/145\/2019\/04\/Beleving-en-inspiratie-2.jpg\" title=\"\" alt=\"\" class=\"elementor-animation-grow\" loading=\"lazy\" \/>\t\t\t\t\t\t\t\t\t\t\t\t\t\t\t<\/div>\n\t\t\t\t<\/div>\n\t\t\t\t\t<\/div>\n\t\t<\/div>\n\t\t\t\t\t<\/div>\n\t\t<\/section>\n\t\t\t\t\t<\/div>\n\t\t<\/div>\n\t\t\t\t\t<\/div>\n\t\t<\/section>\n\t\t\t\t<\/div>\n\t\t","protected":false},"excerpt":{"rendered":"<p>De Groene Sector Vakbeurs ist der Wissens- und Netzwerktreffen f\u00fcr der gr\u00fcne Branche. Jedes Jahr kommen durchschnittlich 18.000 Fachleute aus der Branche zur dreit\u00e4gigen Fachmesse. Nicht weniger als 300 Aussteller pr\u00e4sentieren sich. Lassen Sie sich von Neuheiten inspirieren, reichen Sie vertrauensw\u00fcrdigen Gesch\u00e4ftspartnern die Hand und erweitern Sie Ihr gr\u00fcnes Netzwerk. FACTS &amp; FIGURES Innovation und [&hellip;]<\/p>\n","protected":false},"author":82,"featured_media":2376,"parent":2565,"menu_order":0,"comment_status":"closed","ping_status":"closed","template":"","meta":{"_seopress_robots_primary_cat":"","_seopress_titles_title":"Warum besuchen? - De Groene Sector Vakbeurs","_seopress_titles_desc":"Der Groene Sector Vakbeurs ist die Wissens- und Netzwerkveranstaltung f\u00fcr den gr\u00fcnen Sektor! \r\nWir freuen uns darauf, Sie als Besucher begr\u00fc\u00dfen zu d\u00fcrfen!","_seopress_robots_index":"","_improvement_type_select":"improve_an_existing","_thumb_yes_seoaic":false,"_frame_yes_seoaic":false,"seoaic_generate_description":"","seoaic_improve_instructions_prompt":"","seoaic_rollback_content_improvement":"","seoaic_idea_thumbnail_generator":"","thumbnail_generated":false,"thumbnail_generate_prompt":"","seoaic_article_description":"","footnotes":""},"class_list":["post-2567","page","type-page","status-publish","has-post-thumbnail","hentry"],"_links":{"self":[{"href":"https:\/\/www.groenesector.nl\/wp-json\/wp\/v2\/pages\/2567","targetHints":{"allow":["GET"]}}],"collection":[{"href":"https:\/\/www.groenesector.nl\/wp-json\/wp\/v2\/pages"}],"about":[{"href":"https:\/\/www.groenesector.nl\/wp-json\/wp\/v2\/types\/page"}],"author":[{"embeddable":true,"href":"https:\/\/www.groenesector.nl\/wp-json\/wp\/v2\/users\/82"}],"replies":[{"embeddable":true,"href":"https:\/\/www.groenesector.nl\/wp-json\/wp\/v2\/comments?post=2567"}],"version-history":[{"count":5,"href":"https:\/\/www.groenesector.nl\/wp-json\/wp\/v2\/pages\/2567\/revisions"}],"predecessor-version":[{"id":152949,"href":"https:\/\/www.groenesector.nl\/wp-json\/wp\/v2\/pages\/2567\/revisions\/152949"}],"up":[{"embeddable":true,"href":"https:\/\/www.groenesector.nl\/wp-json\/wp\/v2\/pages\/2565"}],"wp:featuredmedia":[{"embeddable":true,"href":"https:\/\/www.groenesector.nl\/wp-json\/wp\/v2\/media\/2376"}],"wp:attachment":[{"href":"https:\/\/www.groenesector.nl\/wp-json\/wp\/v2\/media?parent=2567"}],"curies":[{"name":"wp","href":"https:\/\/api.w.org\/{rel}","templated":true}]}}